{"id":7461,"date":"2020-08-24T22:06:18","date_gmt":"2020-08-24T20:06:18","guid":{"rendered":"https:\/\/www.volf.fr\/?post_type=product&#038;p=7461"},"modified":"2020-12-28T17:56:27","modified_gmt":"2020-12-28T16:56:27","slug":"450-credits-cours-et-ou-traductions","status":"publish","type":"product","link":"https:\/\/www.volf.fr\/it\/prodotto\/450-credits-cours-et-ou-traductions\/","title":{"rendered":"450 Crediti - Corsi e\/o Traduzioni"},"content":{"rendered":"<p class=\"translation-block\"><strong>450 crediti<\/strong> corrispondono a <strong>15 ore<\/strong> di lezioni private o di traduzioni. Riceverai un codice CLF che ti consentir\u00e0 di prenotare un orario nel <a href=\"https:\/\/www.volf.fr\/it\/reservations\/\" target=\"_self\">calendario.<\/a><\/p>\n<p class=\"translation-block\"><a href=\"https:\/\/www.volf.fr\/it\/reservations\/?trp-edit-translation=preview\" target=\"_self\"><\/a><a href=\"https:\/\/www.volf.fr\/it\/contact\/\" target=\"_self\">Contattami<\/a> per chiedere un preventivo.<\/p>\n<p class=\"translation-block\">Il corso di francese pu\u00f2 consistere in: espressione orale, pronuncia, preparazione di un colloquio di lavoro, di esami, ecc. in presenza o online.<\/p>\n<p>Demandez un devis horaire pour les traductions afin d\u2019\u00e9valuer le nombre de cr\u00e9dits n\u00e9cessaires. Exemple: la traduction d\u2019une page standard (1500 caract\u00e8res, espaces inclus) peut co\u00fbter entre 10 et 25\u20ac selon la sp\u00e9cialisation.<\/p>\n<p class=\"translation-block\">Puoi utilizzare i crediti in pi\u00f9 volte e dividerli per diverse finalit\u00e0. Se lavori in francese, potrai ad esempio usarli per preparare un colloquio, una presentazione, un\u2019email impeccabile o tradurre nuove parti del tuo sito web.<\/p>\n<p>Traduzioni dall'italiano, dallo spagnolo e dall'inglese al francese.<\/p>\n<p class=\"translation-block\">Ogni acquisto da luogo a un accordo contrattuale e all'emissione di una fattura.<\/p>","protected":false},"excerpt":{"rendered":"<p>450 cr\u00e9dits correspondent \u00e0 15 heures de Cours ou de Traductions. Vous recevrez un code personnel de Cr\u00e9dits Langue Fran\u00e7aise (CLF) qui vous permettra de&hellip;<\/p>","protected":false},"featured_media":6926,"comment_status":"closed","ping_status":"closed","template":"","meta":{"_uag_custom_page_level_css":"","slim_seo":{"title":"450 Cr\u00e9dits \u2013 Cours et\/ou Traductions - VOLF \u2013 Voix et Langue Fran\u00e7aise","description":"450 cr\u00e9dits correspondent \u00e0 15 heures de Cours ou de Traductions. Vous recevrez un code personnel de Cr\u00e9dits Langue Fran\u00e7aise (CLF) qui vous permettra de r\u00e9serv"}},"product_brand":[],"product_cat":[],"product_tag":[],"class_list":{"0":"post-7461","1":"product","2":"type-product","3":"status-publish","4":"has-post-thumbnail","7":"first","8":"instock","9":"sale","10":"taxable","11":"shipping-taxable","12":"purchasable","13":"product-type-simple","14":"customify-col"},"yoast_head":"<!-- This site is optimized with the Yoast SEO plugin v26.6 - https:\/\/yoast.com\/wordpress\/plugins\/seo\/ -->\n<title>450 Cr\u00e9dits \u2013 Cours et\/ou Traductions - VOLF \u2013 Voix et Langue Fran\u00e7aise<\/title>\n<meta name=\"robots\" content=\"index, follow, max-snippet:-1, max-image-preview:large, max-video-preview:-1\" \/>\n<link rel=\"canonical\" href=\"https:\/\/www.volf.fr\/it\/prodotto\/450-credits-cours-et-ou-traductions\/\" \/>\n<meta property=\"og:locale\" content=\"it_IT\" \/>\n<meta property=\"og:type\" content=\"article\" \/>\n<meta property=\"og:title\" content=\"450 Cr\u00e9dits \u2013 Cours et\/ou Traductions - VOLF \u2013 Voix et Langue Fran\u00e7aise\" \/>\n<meta property=\"og:description\" content=\"450 cr\u00e9dits correspondent \u00e0 15 heures de Cours ou de Traductions. Vous recevrez un code personnel de Cr\u00e9dits Langue Fran\u00e7aise (CLF) qui vous permettra de&hellip;\" \/>\n<meta property=\"og:url\" content=\"https:\/\/www.volf.fr\/it\/prodotto\/450-credits-cours-et-ou-traductions\/\" \/>\n<meta property=\"og:site_name\" content=\"VOLF \u2013 Voix et Langue Fran\u00e7aise\" \/>\n<meta property=\"article:modified_time\" content=\"2020-12-28T16:56:27+00:00\" \/>\n<meta property=\"og:image\" content=\"https:\/\/www.volf.fr\/wp-content\/uploads\/2020\/08\/450-CLF6.png\" \/>\n\t<meta property=\"og:image:width\" content=\"1500\" \/>\n\t<meta property=\"og:image:height\" content=\"900\" \/>\n\t<meta property=\"og:image:type\" content=\"image\/png\" \/>\n<meta name=\"twitter:card\" content=\"summary_large_image\" \/>\n<meta name=\"twitter:label1\" content=\"Tempo di lettura stimato\" \/>\n\t<meta name=\"twitter:data1\" content=\"1 minuto\" \/>\n<script type=\"application\/ld+json\" class=\"yoast-schema-graph\">{\"@context\":\"https:\/\/schema.org\",\"@graph\":[{\"@type\":\"WebPage\",\"@id\":\"https:\/\/www.volf.fr\/produit\/450-credits-cours-et-ou-traductions\/\",\"url\":\"https:\/\/www.volf.fr\/produit\/450-credits-cours-et-ou-traductions\/\",\"name\":\"450 Cr\u00e9dits \u2013 Cours et\/ou Traductions - VOLF \u2013 Voix et Langue Fran\u00e7aise\",\"isPartOf\":{\"@id\":\"https:\/\/www.volf.fr\/#website\"},\"primaryImageOfPage\":{\"@id\":\"https:\/\/www.volf.fr\/produit\/450-credits-cours-et-ou-traductions\/#primaryimage\"},\"image\":{\"@id\":\"https:\/\/www.volf.fr\/produit\/450-credits-cours-et-ou-traductions\/#primaryimage\"},\"thumbnailUrl\":\"https:\/\/www.volf.fr\/wp-content\/uploads\/2020\/08\/450-CLF6.png\",\"datePublished\":\"2020-08-24T20:06:18+00:00\",\"dateModified\":\"2020-12-28T16:56:27+00:00\",\"breadcrumb\":{\"@id\":\"https:\/\/www.volf.fr\/produit\/450-credits-cours-et-ou-traductions\/#breadcrumb\"},\"inLanguage\":\"it-IT\",\"potentialAction\":[{\"@type\":\"ReadAction\",\"target\":[\"https:\/\/www.volf.fr\/produit\/450-credits-cours-et-ou-traductions\/\"]}]},{\"@type\":\"ImageObject\",\"inLanguage\":\"it-IT\",\"@id\":\"https:\/\/www.volf.fr\/produit\/450-credits-cours-et-ou-traductions\/#primaryimage\",\"url\":\"https:\/\/www.volf.fr\/wp-content\/uploads\/2020\/08\/450-CLF6.png\",\"contentUrl\":\"https:\/\/www.volf.fr\/wp-content\/uploads\/2020\/08\/450-CLF6.png\",\"width\":1500,\"height\":900},{\"@type\":\"BreadcrumbList\",\"@id\":\"https:\/\/www.volf.fr\/produit\/450-credits-cours-et-ou-traductions\/#breadcrumb\",\"itemListElement\":[{\"@type\":\"ListItem\",\"position\":1,\"name\":\"Accueil\",\"item\":\"https:\/\/www.volf.fr\/\"},{\"@type\":\"ListItem\",\"position\":2,\"name\":\"Boutique\",\"item\":\"https:\/\/www.volf.fr\/boutique\/\"},{\"@type\":\"ListItem\",\"position\":3,\"name\":\"450 Cr\u00e9dits \u2013 Cours et\/ou Traductions\"}]},{\"@type\":\"WebSite\",\"@id\":\"https:\/\/www.volf.fr\/#website\",\"url\":\"https:\/\/www.volf.fr\/\",\"name\":\"VOLF \u2013 Voix et Langue Fran\u00e7aise\",\"description\":\"\",\"publisher\":{\"@id\":\"https:\/\/www.volf.fr\/#organization\"},\"potentialAction\":[{\"@type\":\"SearchAction\",\"target\":{\"@type\":\"EntryPoint\",\"urlTemplate\":\"https:\/\/www.volf.fr\/?s={search_term_string}\"},\"query-input\":{\"@type\":\"PropertyValueSpecification\",\"valueRequired\":true,\"valueName\":\"search_term_string\"}}],\"inLanguage\":\"it-IT\"},{\"@type\":\"Organization\",\"@id\":\"https:\/\/www.volf.fr\/#organization\",\"name\":\"VOLF \u2013 Voix et Langue Fran\u00e7aise\",\"url\":\"https:\/\/www.volf.fr\/\",\"logo\":{\"@type\":\"ImageObject\",\"inLanguage\":\"it-IT\",\"@id\":\"https:\/\/www.volf.fr\/#\/schema\/logo\/image\/\",\"url\":\"https:\/\/www.volf.fr\/wp-content\/uploads\/2024\/09\/cropped-logo-volf1-2.png\",\"contentUrl\":\"https:\/\/www.volf.fr\/wp-content\/uploads\/2024\/09\/cropped-logo-volf1-2.png\",\"width\":685,\"height\":685,\"caption\":\"VOLF \u2013 Voix et Langue Fran\u00e7aise\"},\"image\":{\"@id\":\"https:\/\/www.volf.fr\/#\/schema\/logo\/image\/\"}}]}<\/script>\n<!-- \/ Yoast SEO plugin. -->","yoast_head_json":{"title":"450 Cr\u00e9dits \u2013 Cours et\/ou Traductions - VOLF \u2013 Voix et Langue Fran\u00e7aise","robots":{"index":"index","follow":"follow","max-snippet":"max-snippet:-1","max-image-preview":"max-image-preview:large","max-video-preview":"max-video-preview:-1"},"canonical":"https:\/\/www.volf.fr\/it\/prodotto\/450-credits-cours-et-ou-traductions\/","og_locale":"it_IT","og_type":"article","og_title":"450 Cr\u00e9dits \u2013 Cours et\/ou Traductions - VOLF \u2013 Voix et Langue Fran\u00e7aise","og_description":"450 cr\u00e9dits correspondent \u00e0 15 heures de Cours ou de Traductions. Vous recevrez un code personnel de Cr\u00e9dits Langue Fran\u00e7aise (CLF) qui vous permettra de&hellip;","og_url":"https:\/\/www.volf.fr\/it\/prodotto\/450-credits-cours-et-ou-traductions\/","og_site_name":"VOLF \u2013 Voix et Langue Fran\u00e7aise","article_modified_time":"2020-12-28T16:56:27+00:00","og_image":[{"width":1500,"height":900,"url":"https:\/\/www.volf.fr\/wp-content\/uploads\/2020\/08\/450-CLF6.png","type":"image\/png"}],"twitter_card":"summary_large_image","twitter_misc":{"Tempo di lettura stimato":"1 minuto"},"schema":{"@context":"https:\/\/schema.org","@graph":[{"@type":"WebPage","@id":"https:\/\/www.volf.fr\/produit\/450-credits-cours-et-ou-traductions\/","url":"https:\/\/www.volf.fr\/produit\/450-credits-cours-et-ou-traductions\/","name":"450 Cr\u00e9dits \u2013 Cours et\/ou Traductions - VOLF \u2013 Voix et Langue Fran\u00e7aise","isPartOf":{"@id":"https:\/\/www.volf.fr\/#website"},"primaryImageOfPage":{"@id":"https:\/\/www.volf.fr\/produit\/450-credits-cours-et-ou-traductions\/#primaryimage"},"image":{"@id":"https:\/\/www.volf.fr\/produit\/450-credits-cours-et-ou-traductions\/#primaryimage"},"thumbnailUrl":"https:\/\/www.volf.fr\/wp-content\/uploads\/2020\/08\/450-CLF6.png","datePublished":"2020-08-24T20:06:18+00:00","dateModified":"2020-12-28T16:56:27+00:00","breadcrumb":{"@id":"https:\/\/www.volf.fr\/produit\/450-credits-cours-et-ou-traductions\/#breadcrumb"},"inLanguage":"it-IT","potentialAction":[{"@type":"ReadAction","target":["https:\/\/www.volf.fr\/produit\/450-credits-cours-et-ou-traductions\/"]}]},{"@type":"ImageObject","inLanguage":"it-IT","@id":"https:\/\/www.volf.fr\/produit\/450-credits-cours-et-ou-traductions\/#primaryimage","url":"https:\/\/www.volf.fr\/wp-content\/uploads\/2020\/08\/450-CLF6.png","contentUrl":"https:\/\/www.volf.fr\/wp-content\/uploads\/2020\/08\/450-CLF6.png","width":1500,"height":900},{"@type":"BreadcrumbList","@id":"https:\/\/www.volf.fr\/produit\/450-credits-cours-et-ou-traductions\/#breadcrumb","itemListElement":[{"@type":"ListItem","position":1,"name":"Accueil","item":"https:\/\/www.volf.fr\/"},{"@type":"ListItem","position":2,"name":"Boutique","item":"https:\/\/www.volf.fr\/boutique\/"},{"@type":"ListItem","position":3,"name":"450 Cr\u00e9dits \u2013 Cours et\/ou Traductions"}]},{"@type":"WebSite","@id":"https:\/\/www.volf.fr\/#website","url":"https:\/\/www.volf.fr\/","name":"VOLF \u2013 Voix et Langue Fran\u00e7aise","description":"","publisher":{"@id":"https:\/\/www.volf.fr\/#organization"},"potentialAction":[{"@type":"SearchAction","target":{"@type":"EntryPoint","urlTemplate":"https:\/\/www.volf.fr\/?s={search_term_string}"},"query-input":{"@type":"PropertyValueSpecification","valueRequired":true,"valueName":"search_term_string"}}],"inLanguage":"it-IT"},{"@type":"Organization","@id":"https:\/\/www.volf.fr\/#organization","name":"VOLF \u2013 Voix et Langue Fran\u00e7aise","url":"https:\/\/www.volf.fr\/","logo":{"@type":"ImageObject","inLanguage":"it-IT","@id":"https:\/\/www.volf.fr\/#\/schema\/logo\/image\/","url":"https:\/\/www.volf.fr\/wp-content\/uploads\/2024\/09\/cropped-logo-volf1-2.png","contentUrl":"https:\/\/www.volf.fr\/wp-content\/uploads\/2024\/09\/cropped-logo-volf1-2.png","width":685,"height":685,"caption":"VOLF \u2013 Voix et Langue Fran\u00e7aise"},"image":{"@id":"https:\/\/www.volf.fr\/#\/schema\/logo\/image\/"}}]}},"uagb_featured_image_src":{"full":["https:\/\/www.volf.fr\/wp-content\/uploads\/2020\/08\/450-CLF6.png",1500,900,false],"thumbnail":["https:\/\/www.volf.fr\/wp-content\/uploads\/2020\/08\/450-CLF6-80x80.png",80,80,true],"medium":["https:\/\/www.volf.fr\/wp-content\/uploads\/2020\/08\/450-CLF6-300x180.png",300,180,true],"medium_large":["https:\/\/www.volf.fr\/wp-content\/uploads\/2020\/08\/450-CLF6-768x461.png",768,461,true],"large":["https:\/\/www.volf.fr\/wp-content\/uploads\/2020\/08\/450-CLF6-1030x618.png",843,506,true],"1536x1536":["https:\/\/www.volf.fr\/wp-content\/uploads\/2020\/08\/450-CLF6.png",1500,900,false],"2048x2048":["https:\/\/www.volf.fr\/wp-content\/uploads\/2020\/08\/450-CLF6.png",1500,900,false],"trp-custom-language-flag":["https:\/\/www.volf.fr\/wp-content\/uploads\/2020\/08\/450-CLF6-18x12.png",18,12,true],"woocommerce_thumbnail":["https:\/\/www.volf.fr\/wp-content\/uploads\/2020\/08\/450-CLF6-300x300.png",300,300,true],"woocommerce_single":["https:\/\/www.volf.fr\/wp-content\/uploads\/2020\/08\/450-CLF6-600x360.png",600,360,true],"woocommerce_gallery_thumbnail":["https:\/\/www.volf.fr\/wp-content\/uploads\/2020\/08\/450-CLF6-100x100.png",100,100,true]},"uagb_author_info":{"display_name":"Eymat\u00e0","author_link":"https:\/\/www.volf.fr\/it\/author\/"},"uagb_comment_info":0,"uagb_excerpt":"450 cr\u00e9dits correspondent \u00e0 15 heures de Cours ou de Traductions. Vous recevrez un code personnel de Cr\u00e9dits Langue Fran\u00e7aise (CLF) qui vous permettra de&hellip;","_links":{"self":[{"href":"https:\/\/www.volf.fr\/it\/wp-json\/wp\/v2\/product\/7461","targetHints":{"allow":["GET"]}}],"collection":[{"href":"https:\/\/www.volf.fr\/it\/wp-json\/wp\/v2\/product"}],"about":[{"href":"https:\/\/www.volf.fr\/it\/wp-json\/wp\/v2\/types\/product"}],"replies":[{"embeddable":true,"href":"https:\/\/www.volf.fr\/it\/wp-json\/wp\/v2\/comments?post=7461"}],"version-history":[{"count":4,"href":"https:\/\/www.volf.fr\/it\/wp-json\/wp\/v2\/product\/7461\/revisions"}],"predecessor-version":[{"id":8231,"href":"https:\/\/www.volf.fr\/it\/wp-json\/wp\/v2\/product\/7461\/revisions\/8231"}],"wp:featuredmedia":[{"embeddable":true,"href":"https:\/\/www.volf.fr\/it\/wp-json\/wp\/v2\/media\/6926"}],"wp:attachment":[{"href":"https:\/\/www.volf.fr\/it\/wp-json\/wp\/v2\/media?parent=7461"}],"wp:term":[{"taxonomy":"product_brand","embeddable":true,"href":"https:\/\/www.volf.fr\/it\/wp-json\/wp\/v2\/product_brand?post=7461"},{"taxonomy":"product_cat","embeddable":true,"href":"https:\/\/www.volf.fr\/it\/wp-json\/wp\/v2\/product_cat?post=7461"},{"taxonomy":"product_tag","embeddable":true,"href":"https:\/\/www.volf.fr\/it\/wp-json\/wp\/v2\/product_tag?post=7461"}],"curies":[{"name":"wp","href":"https:\/\/api.w.org\/{rel}","templated":true}]}}