{"id":8965,"date":"2022-04-06T15:16:57","date_gmt":"2022-04-06T13:16:57","guid":{"rendered":"https:\/\/www.volf.fr\/?page_id=8965"},"modified":"2023-04-30T12:52:16","modified_gmt":"2023-04-30T10:52:16","slug":"preparazione-di-unaria","status":"publish","type":"page","link":"https:\/\/www.volf.fr\/it\/preparazione-di-unaria\/","title":{"rendered":"Preparazione di un&rsquo;aria"},"content":{"rendered":"<div data-elementor-type=\"wp-page\" data-elementor-id=\"8965\" class=\"elementor elementor-8965\" data-elementor-settings=\"{&quot;ha_cmc_init_switcher&quot;:&quot;no&quot;}\">\n\t\t\t\t\t\t<section class=\"elementor-section elementor-top-section elementor-element elementor-element-0b34e3d elementor-section-boxed elementor-section-height-default elementor-section-height-default wpr-particle-no wpr-jarallax-no wpr-parallax-no wpr-sticky-section-no\" data-id=\"0b34e3d\" data-element_type=\"section\" data-settings=\"{&quot;_ha_eqh_enable&quot;:false}\">\n\t\t\t\t\t\t<div class=\"elementor-container elementor-column-gap-default\">\n\t\t\t\t\t<div class=\"elementor-column elementor-col-100 elementor-top-column elementor-element elementor-element-d28b742\" data-id=\"d28b742\" data-element_type=\"column\">\n\t\t\t<div class=\"elementor-widget-wrap elementor-element-populated\">\n\t\t\t\t\t\t<div class=\"elementor-element elementor-element-3be24c9 elementor-widget elementor-widget-heading\" data-id=\"3be24c9\" data-element_type=\"widget\" data-widget_type=\"heading.default\">\n\t\t\t\t<div class=\"elementor-widget-container\">\n\t\t\t\t\t<h2 class=\"elementor-heading-title elementor-size-default\">Preparazione di un'aria<\/h2>\t\t\t\t<\/div>\n\t\t\t\t<\/div>\n\t\t\t\t<div class=\"elementor-element elementor-element-45554f5 elementor-widget elementor-widget-text-editor\" data-id=\"45554f5\" data-element_type=\"widget\" data-widget_type=\"text-editor.default\">\n\t\t\t\t<div class=\"elementor-widget-container\">\n\t\t\t\t\t\t\t\t\t<p>Gli esempi sono tratti da: Berlioz, <em>Les Nuits d&rsquo;\u00e9t\u00e9<\/em>, Villanelle.<\/p><ul><li>Cliccare qui per scaricare il PDF: <a href=\"https:\/\/www.volf.fr\/wp-content\/uploads\/2023\/02\/Preparazione-di-unaria.pdf\">Preparazione di un&rsquo;aria<\/a><\/li><li>Cliccare qui per scaricare lo spartito: <a href=\"https:\/\/www.volf.fr\/wp-content\/uploads\/2022\/04\/Berlioz_-_Villanelle_Nuits_1.pdf\">Berlioz-Villanelle<\/a>.<\/li><li>Cliccare qui per scaricare il testo francese e la traduzione italiana: <a href=\"https:\/\/www.volf.fr\/wp-content\/uploads\/2022\/04\/Berlioz-Villanelle-trad.pdf\">Villanelle-testo e traduzione<\/a><\/li><\/ul>\t\t\t\t\t\t\t\t<\/div>\n\t\t\t\t<\/div>\n\t\t\t\t\t<\/div>\n\t\t<\/div>\n\t\t\t\t\t<\/div>\n\t\t<\/section>\n\t\t\t\t<section class=\"elementor-section elementor-top-section elementor-element elementor-element-5881bfe elementor-section-boxed elementor-section-height-default elementor-section-height-default wpr-particle-no wpr-jarallax-no wpr-parallax-no wpr-sticky-section-no\" data-id=\"5881bfe\" data-element_type=\"section\" data-settings=\"{&quot;_ha_eqh_enable&quot;:false}\">\n\t\t\t\t\t\t<div class=\"elementor-container elementor-column-gap-default\">\n\t\t\t\t\t<div class=\"elementor-column elementor-col-50 elementor-top-column elementor-element elementor-element-ef1510d\" data-id=\"ef1510d\" data-element_type=\"column\">\n\t\t\t<div class=\"elementor-widget-wrap elementor-element-populated\">\n\t\t\t\t\t\t<div class=\"elementor-element elementor-element-9c82d43 elementor-widget elementor-widget-image\" data-id=\"9c82d43\" data-element_type=\"widget\" data-widget_type=\"image.default\">\n\t\t\t\t<div class=\"elementor-widget-container\">\n\t\t\t\t\t\t\t\t\t\t\t\t\t\t\t<img fetchpriority=\"high\" decoding=\"async\" width=\"716\" height=\"1030\" src=\"https:\/\/www.volf.fr\/wp-content\/uploads\/2023\/04\/Preparazione-di-unaria1-716x1030.png\" class=\"attachment-large size-large wp-image-9650\" alt=\"Preparazione di un&#039;aria1\" srcset=\"https:\/\/www.volf.fr\/wp-content\/uploads\/2023\/04\/Preparazione-di-unaria1-716x1030.png 716w, https:\/\/www.volf.fr\/wp-content\/uploads\/2023\/04\/Preparazione-di-unaria1-208x300.png 208w, https:\/\/www.volf.fr\/wp-content\/uploads\/2023\/04\/Preparazione-di-unaria1-768x1105.png 768w, https:\/\/www.volf.fr\/wp-content\/uploads\/2023\/04\/Preparazione-di-unaria1-8x12.png 8w, https:\/\/www.volf.fr\/wp-content\/uploads\/2023\/04\/Preparazione-di-unaria1-600x863.png 600w, https:\/\/www.volf.fr\/wp-content\/uploads\/2023\/04\/Preparazione-di-unaria1.png 802w\" sizes=\"(max-width: 716px) 100vw, 716px\" \/>\t\t\t\t\t\t\t\t\t\t\t\t\t\t\t<\/div>\n\t\t\t\t<\/div>\n\t\t\t\t\t<\/div>\n\t\t<\/div>\n\t\t\t\t<div class=\"elementor-column elementor-col-50 elementor-top-column elementor-element elementor-element-21fbba7\" data-id=\"21fbba7\" data-element_type=\"column\">\n\t\t\t<div class=\"elementor-widget-wrap elementor-element-populated\">\n\t\t\t\t\t\t<div class=\"elementor-element elementor-element-bdc17b0 elementor-widget elementor-widget-image\" data-id=\"bdc17b0\" data-element_type=\"widget\" data-widget_type=\"image.default\">\n\t\t\t\t<div class=\"elementor-widget-container\">\n\t\t\t\t\t\t\t\t\t\t\t\t\t\t\t<img decoding=\"async\" width=\"782\" height=\"890\" src=\"https:\/\/www.volf.fr\/wp-content\/uploads\/2023\/04\/Preparazione-di-unaria2.png\" class=\"attachment-large size-large wp-image-9651\" alt=\"Preparazione di un&#039;aria2\" srcset=\"https:\/\/www.volf.fr\/wp-content\/uploads\/2023\/04\/Preparazione-di-unaria2.png 782w, https:\/\/www.volf.fr\/wp-content\/uploads\/2023\/04\/Preparazione-di-unaria2-264x300.png 264w, https:\/\/www.volf.fr\/wp-content\/uploads\/2023\/04\/Preparazione-di-unaria2-768x874.png 768w, https:\/\/www.volf.fr\/wp-content\/uploads\/2023\/04\/Preparazione-di-unaria2-11x12.png 11w, https:\/\/www.volf.fr\/wp-content\/uploads\/2023\/04\/Preparazione-di-unaria2-600x683.png 600w\" sizes=\"(max-width: 782px) 100vw, 782px\" \/>\t\t\t\t\t\t\t\t\t\t\t\t\t\t\t<\/div>\n\t\t\t\t<\/div>\n\t\t\t\t\t<\/div>\n\t\t<\/div>\n\t\t\t\t\t<\/div>\n\t\t<\/section>\n\t\t\t\t<\/div>","protected":false},"excerpt":{"rendered":"<p>Preparazione di un&rsquo;aria Gli esempi sono tratti da: Berlioz, Les Nuits d&rsquo;\u00e9t\u00e9, Villanelle. Cliccare qui per scaricare il PDF: Preparazione di un&rsquo;aria Cliccare qui per&hellip;<\/p>","protected":false},"author":1,"featured_media":0,"parent":0,"menu_order":0,"comment_status":"closed","ping_status":"closed","template":"","meta":{"_uag_custom_page_level_css":"","slim_seo":{"title":"Preparazione di un'aria - VOLF \u2013 Voix et Langue Fran\u00e7aise","description":"Preparazione di un'aria Gli esempi sono tratti da: Berlioz, Les Nuits d'\u00e9t\u00e9 , Villanelle. Cliccare qui per scaricare il PDF: Preparazione di un'aria Cliccare qu"},"footnotes":""},"class_list":["post-8965","page","type-page","status-publish","hentry"],"yoast_head":"<!-- This site is optimized with the Yoast SEO plugin v26.6 - https:\/\/yoast.com\/wordpress\/plugins\/seo\/ -->\n<title>Preparazione di un&#039;aria - VOLF \u2013 Voix et Langue Fran\u00e7aise<\/title>\n<meta name=\"robots\" content=\"index, follow, max-snippet:-1, max-image-preview:large, max-video-preview:-1\" \/>\n<link rel=\"canonical\" href=\"https:\/\/www.volf.fr\/it\/preparazione-di-unaria\/\" \/>\n<meta property=\"og:locale\" content=\"it_IT\" \/>\n<meta property=\"og:type\" content=\"article\" \/>\n<meta property=\"og:title\" content=\"Preparazione di un&#039;aria - VOLF \u2013 Voix et Langue Fran\u00e7aise\" \/>\n<meta property=\"og:description\" content=\"Preparazione di un&rsquo;aria Gli esempi sono tratti da: Berlioz, Les Nuits d&rsquo;\u00e9t\u00e9, Villanelle. Cliccare qui per scaricare il PDF: Preparazione di un&rsquo;aria Cliccare qui per&hellip;\" \/>\n<meta property=\"og:url\" content=\"https:\/\/www.volf.fr\/it\/preparazione-di-unaria\/\" \/>\n<meta property=\"og:site_name\" content=\"VOLF \u2013 Voix et Langue Fran\u00e7aise\" \/>\n<meta property=\"article:modified_time\" content=\"2023-04-30T10:52:16+00:00\" \/>\n<meta property=\"og:image\" content=\"https:\/\/www.volf.fr\/wp-content\/uploads\/2023\/04\/Preparazione-di-unaria1-716x1030.png\" \/>\n<meta name=\"twitter:card\" content=\"summary_large_image\" \/>\n<script type=\"application\/ld+json\" class=\"yoast-schema-graph\">{\"@context\":\"https:\/\/schema.org\",\"@graph\":[{\"@type\":\"WebPage\",\"@id\":\"https:\/\/www.volf.fr\/it\/preparazione-di-unaria\/\",\"url\":\"https:\/\/www.volf.fr\/it\/preparazione-di-unaria\/\",\"name\":\"Preparazione di un'aria - VOLF \u2013 Voix et Langue Fran\u00e7aise\",\"isPartOf\":{\"@id\":\"https:\/\/www.volf.fr\/#website\"},\"primaryImageOfPage\":{\"@id\":\"https:\/\/www.volf.fr\/it\/preparazione-di-unaria\/#primaryimage\"},\"image\":{\"@id\":\"https:\/\/www.volf.fr\/it\/preparazione-di-unaria\/#primaryimage\"},\"thumbnailUrl\":\"https:\/\/www.volf.fr\/wp-content\/uploads\/2023\/04\/Preparazione-di-unaria1-716x1030.png\",\"datePublished\":\"2022-04-06T13:16:57+00:00\",\"dateModified\":\"2023-04-30T10:52:16+00:00\",\"breadcrumb\":{\"@id\":\"https:\/\/www.volf.fr\/it\/preparazione-di-unaria\/#breadcrumb\"},\"inLanguage\":\"it-IT\",\"potentialAction\":[{\"@type\":\"ReadAction\",\"target\":[\"https:\/\/www.volf.fr\/it\/preparazione-di-unaria\/\"]}]},{\"@type\":\"ImageObject\",\"inLanguage\":\"it-IT\",\"@id\":\"https:\/\/www.volf.fr\/it\/preparazione-di-unaria\/#primaryimage\",\"url\":\"https:\/\/www.volf.fr\/wp-content\/uploads\/2023\/04\/Preparazione-di-unaria1-716x1030.png\",\"contentUrl\":\"https:\/\/www.volf.fr\/wp-content\/uploads\/2023\/04\/Preparazione-di-unaria1-716x1030.png\"},{\"@type\":\"BreadcrumbList\",\"@id\":\"https:\/\/www.volf.fr\/it\/preparazione-di-unaria\/#breadcrumb\",\"itemListElement\":[{\"@type\":\"ListItem\",\"position\":1,\"name\":\"Accueil\",\"item\":\"https:\/\/www.volf.fr\/\"},{\"@type\":\"ListItem\",\"position\":2,\"name\":\"Preparazione di un&rsquo;aria\"}]},{\"@type\":\"WebSite\",\"@id\":\"https:\/\/www.volf.fr\/#website\",\"url\":\"https:\/\/www.volf.fr\/\",\"name\":\"VOLF \u2013 Voix et Langue Fran\u00e7aise\",\"description\":\"\",\"publisher\":{\"@id\":\"https:\/\/www.volf.fr\/#organization\"},\"potentialAction\":[{\"@type\":\"SearchAction\",\"target\":{\"@type\":\"EntryPoint\",\"urlTemplate\":\"https:\/\/www.volf.fr\/?s={search_term_string}\"},\"query-input\":{\"@type\":\"PropertyValueSpecification\",\"valueRequired\":true,\"valueName\":\"search_term_string\"}}],\"inLanguage\":\"it-IT\"},{\"@type\":\"Organization\",\"@id\":\"https:\/\/www.volf.fr\/#organization\",\"name\":\"VOLF \u2013 Voix et Langue Fran\u00e7aise\",\"url\":\"https:\/\/www.volf.fr\/\",\"logo\":{\"@type\":\"ImageObject\",\"inLanguage\":\"it-IT\",\"@id\":\"https:\/\/www.volf.fr\/#\/schema\/logo\/image\/\",\"url\":\"https:\/\/www.volf.fr\/wp-content\/uploads\/2024\/09\/cropped-logo-volf1-2.png\",\"contentUrl\":\"https:\/\/www.volf.fr\/wp-content\/uploads\/2024\/09\/cropped-logo-volf1-2.png\",\"width\":685,\"height\":685,\"caption\":\"VOLF \u2013 Voix et Langue Fran\u00e7aise\"},\"image\":{\"@id\":\"https:\/\/www.volf.fr\/#\/schema\/logo\/image\/\"}}]}<\/script>\n<!-- \/ Yoast SEO plugin. -->","yoast_head_json":{"title":"Preparazione di un'aria - VOLF \u2013 Voix et Langue Fran\u00e7aise","robots":{"index":"index","follow":"follow","max-snippet":"max-snippet:-1","max-image-preview":"max-image-preview:large","max-video-preview":"max-video-preview:-1"},"canonical":"https:\/\/www.volf.fr\/it\/preparazione-di-unaria\/","og_locale":"it_IT","og_type":"article","og_title":"Preparazione di un'aria - VOLF \u2013 Voix et Langue Fran\u00e7aise","og_description":"Preparazione di un&rsquo;aria Gli esempi sono tratti da: Berlioz, Les Nuits d&rsquo;\u00e9t\u00e9, Villanelle. Cliccare qui per scaricare il PDF: Preparazione di un&rsquo;aria Cliccare qui per&hellip;","og_url":"https:\/\/www.volf.fr\/it\/preparazione-di-unaria\/","og_site_name":"VOLF \u2013 Voix et Langue Fran\u00e7aise","article_modified_time":"2023-04-30T10:52:16+00:00","og_image":[{"url":"https:\/\/www.volf.fr\/wp-content\/uploads\/2023\/04\/Preparazione-di-unaria1-716x1030.png","type":"","width":"","height":""}],"twitter_card":"summary_large_image","schema":{"@context":"https:\/\/schema.org","@graph":[{"@type":"WebPage","@id":"https:\/\/www.volf.fr\/it\/preparazione-di-unaria\/","url":"https:\/\/www.volf.fr\/it\/preparazione-di-unaria\/","name":"Preparazione di un'aria - VOLF \u2013 Voix et Langue Fran\u00e7aise","isPartOf":{"@id":"https:\/\/www.volf.fr\/#website"},"primaryImageOfPage":{"@id":"https:\/\/www.volf.fr\/it\/preparazione-di-unaria\/#primaryimage"},"image":{"@id":"https:\/\/www.volf.fr\/it\/preparazione-di-unaria\/#primaryimage"},"thumbnailUrl":"https:\/\/www.volf.fr\/wp-content\/uploads\/2023\/04\/Preparazione-di-unaria1-716x1030.png","datePublished":"2022-04-06T13:16:57+00:00","dateModified":"2023-04-30T10:52:16+00:00","breadcrumb":{"@id":"https:\/\/www.volf.fr\/it\/preparazione-di-unaria\/#breadcrumb"},"inLanguage":"it-IT","potentialAction":[{"@type":"ReadAction","target":["https:\/\/www.volf.fr\/it\/preparazione-di-unaria\/"]}]},{"@type":"ImageObject","inLanguage":"it-IT","@id":"https:\/\/www.volf.fr\/it\/preparazione-di-unaria\/#primaryimage","url":"https:\/\/www.volf.fr\/wp-content\/uploads\/2023\/04\/Preparazione-di-unaria1-716x1030.png","contentUrl":"https:\/\/www.volf.fr\/wp-content\/uploads\/2023\/04\/Preparazione-di-unaria1-716x1030.png"},{"@type":"BreadcrumbList","@id":"https:\/\/www.volf.fr\/it\/preparazione-di-unaria\/#breadcrumb","itemListElement":[{"@type":"ListItem","position":1,"name":"Accueil","item":"https:\/\/www.volf.fr\/"},{"@type":"ListItem","position":2,"name":"Preparazione di un&rsquo;aria"}]},{"@type":"WebSite","@id":"https:\/\/www.volf.fr\/#website","url":"https:\/\/www.volf.fr\/","name":"VOLF \u2013 Voix et Langue Fran\u00e7aise","description":"","publisher":{"@id":"https:\/\/www.volf.fr\/#organization"},"potentialAction":[{"@type":"SearchAction","target":{"@type":"EntryPoint","urlTemplate":"https:\/\/www.volf.fr\/?s={search_term_string}"},"query-input":{"@type":"PropertyValueSpecification","valueRequired":true,"valueName":"search_term_string"}}],"inLanguage":"it-IT"},{"@type":"Organization","@id":"https:\/\/www.volf.fr\/#organization","name":"VOLF \u2013 Voix et Langue Fran\u00e7aise","url":"https:\/\/www.volf.fr\/","logo":{"@type":"ImageObject","inLanguage":"it-IT","@id":"https:\/\/www.volf.fr\/#\/schema\/logo\/image\/","url":"https:\/\/www.volf.fr\/wp-content\/uploads\/2024\/09\/cropped-logo-volf1-2.png","contentUrl":"https:\/\/www.volf.fr\/wp-content\/uploads\/2024\/09\/cropped-logo-volf1-2.png","width":685,"height":685,"caption":"VOLF \u2013 Voix et Langue Fran\u00e7aise"},"image":{"@id":"https:\/\/www.volf.fr\/#\/schema\/logo\/image\/"}}]}},"uagb_featured_image_src":{"full":false,"thumbnail":false,"medium":false,"medium_large":false,"large":false,"1536x1536":false,"2048x2048":false,"trp-custom-language-flag":false,"woocommerce_thumbnail":false,"woocommerce_single":false,"woocommerce_gallery_thumbnail":false},"uagb_author_info":{"display_name":"Eymat\u00e0","author_link":"https:\/\/www.volf.fr\/it\/author\/aimata\/"},"uagb_comment_info":0,"uagb_excerpt":"Preparazione di un&rsquo;aria Gli esempi sono tratti da: Berlioz, Les Nuits d&rsquo;\u00e9t\u00e9, Villanelle. Cliccare qui per scaricare il PDF: Preparazione di un&rsquo;aria Cliccare qui per&hellip;","_links":{"self":[{"href":"https:\/\/www.volf.fr\/it\/wp-json\/wp\/v2\/pages\/8965","targetHints":{"allow":["GET"]}}],"collection":[{"href":"https:\/\/www.volf.fr\/it\/wp-json\/wp\/v2\/pages"}],"about":[{"href":"https:\/\/www.volf.fr\/it\/wp-json\/wp\/v2\/types\/page"}],"author":[{"embeddable":true,"href":"https:\/\/www.volf.fr\/it\/wp-json\/wp\/v2\/users\/1"}],"replies":[{"embeddable":true,"href":"https:\/\/www.volf.fr\/it\/wp-json\/wp\/v2\/comments?post=8965"}],"version-history":[{"count":13,"href":"https:\/\/www.volf.fr\/it\/wp-json\/wp\/v2\/pages\/8965\/revisions"}],"predecessor-version":[{"id":9654,"href":"https:\/\/www.volf.fr\/it\/wp-json\/wp\/v2\/pages\/8965\/revisions\/9654"}],"wp:attachment":[{"href":"https:\/\/www.volf.fr\/it\/wp-json\/wp\/v2\/media?parent=8965"}],"curies":[{"name":"wp","href":"https:\/\/api.w.org\/{rel}","templated":true}]}}