{"id":4233,"date":"2020-03-12T00:04:23","date_gmt":"2020-03-11T23:04:23","guid":{"rendered":"http:\/\/www.volf.fr\/?page_id=4233"},"modified":"2022-09-14T20:47:13","modified_gmt":"2022-09-14T18:47:13","slug":"reservations","status":"publish","type":"page","link":"https:\/\/www.volf.fr\/it\/reservations\/","title":{"rendered":"R\u00e9server une le\u00e7on"},"content":{"rendered":"<div data-elementor-type=\"wp-page\" data-elementor-id=\"4233\" class=\"elementor elementor-4233\" data-elementor-settings=\"{&quot;ha_cmc_init_switcher&quot;:&quot;no&quot;}\">\n\t\t\t\t\t\t<section class=\"elementor-section elementor-top-section elementor-element elementor-element-34159d16 elementor-section-boxed elementor-section-height-default elementor-section-height-default wpr-particle-no wpr-jarallax-no wpr-parallax-no wpr-sticky-section-no\" data-id=\"34159d16\" data-element_type=\"section\" data-settings=\"{&quot;_ha_eqh_enable&quot;:false}\">\n\t\t\t\t\t\t<div class=\"elementor-container elementor-column-gap-default\">\n\t\t\t\t\t<div class=\"elementor-column elementor-col-100 elementor-top-column elementor-element elementor-element-36eea4d3\" data-id=\"36eea4d3\" data-element_type=\"column\">\n\t\t\t<div class=\"elementor-widget-wrap elementor-element-populated\">\n\t\t\t\t\t\t<div class=\"elementor-element elementor-element-288f07e elementor-widget elementor-widget-heading\" data-id=\"288f07e\" data-element_type=\"widget\" data-widget_type=\"heading.default\">\n\t\t\t\t<div class=\"elementor-widget-container\">\n\t\t\t\t\t<h2 class=\"elementor-heading-title elementor-size-default\">Informazioni e Prenotazioni<\/h2>\t\t\t\t<\/div>\n\t\t\t\t<\/div>\n\t\t\t\t<section class=\"elementor-section elementor-inner-section elementor-element elementor-element-384e853 elementor-section-boxed elementor-section-height-default elementor-section-height-default wpr-particle-no wpr-jarallax-no wpr-parallax-no wpr-sticky-section-no\" data-id=\"384e853\" data-element_type=\"section\" data-settings=\"{&quot;_ha_eqh_enable&quot;:false}\">\n\t\t\t\t\t\t<div class=\"elementor-container elementor-column-gap-default\">\n\t\t\t\t\t<div class=\"elementor-column elementor-col-100 elementor-inner-column elementor-element elementor-element-552d0bd\" data-id=\"552d0bd\" data-element_type=\"column\">\n\t\t\t<div class=\"elementor-widget-wrap elementor-element-populated\">\n\t\t\t\t\t\t<div class=\"elementor-element elementor-element-703ced7 elementor-widget elementor-widget-text-editor\" data-id=\"703ced7\" data-element_type=\"widget\" data-widget_type=\"text-editor.default\">\n\t\t\t\t<div class=\"elementor-widget-container\">\n\t\t\t\t\t\t\t\t\t<ul><li class=\"translation-block\"><strong> Scrivimi <\/strong> mediante il formulario di Contatto o su WhatsApp: +393928396829. Potremo fissare un appuntamento video gratuito per definire i tuoi obiettivi.<\/li><li class=\"translation-block\"><strong> Programma una lezione quando avrai ricevuto il codice di Crediti (CLF).<\/strong><\/li><\/ul>\t\t\t\t\t\t\t\t<\/div>\n\t\t\t\t<\/div>\n\t\t\t\t\t<\/div>\n\t\t<\/div>\n\t\t\t\t\t<\/div>\n\t\t<\/section>\n\t\t\t\t\t<\/div>\n\t\t<\/div>\n\t\t\t\t\t<\/div>\n\t\t<\/section>\n\t\t\t\t<section class=\"elementor-section elementor-top-section elementor-element elementor-element-6203778c elementor-section-boxed elementor-section-height-default elementor-section-height-default wpr-particle-no wpr-jarallax-no wpr-parallax-no wpr-sticky-section-no\" data-id=\"6203778c\" data-element_type=\"section\" data-settings=\"{&quot;_ha_eqh_enable&quot;:false}\">\n\t\t\t\t\t\t<div class=\"elementor-container elementor-column-gap-default\">\n\t\t\t\t\t<div class=\"elementor-column elementor-col-100 elementor-top-column elementor-element elementor-element-f536d0c\" data-id=\"f536d0c\" data-element_type=\"column\">\n\t\t\t<div class=\"elementor-widget-wrap elementor-element-populated\">\n\t\t\t\t\t\t<div class=\"elementor-element elementor-element-60b75dc2 elementor-widget elementor-widget-testimonial\" data-id=\"60b75dc2\" data-element_type=\"widget\" data-widget_type=\"testimonial.default\">\n\t\t\t\t<div class=\"elementor-widget-container\">\n\t\t\t\t\t\t\t<div class=\"elementor-testimonial-wrapper\">\n\t\t\t\t\t\t\t<div class=\"elementor-testimonial-content\">Prendiamo un appuntamento!<\/div>\n\t\t\t\n\t\t\t\t\t\t<div class=\"elementor-testimonial-meta elementor-has-image elementor-testimonial-image-position-top\">\n\t\t\t\t<div class=\"elementor-testimonial-meta-inner\">\n\t\t\t\t\t\t\t\t\t\t\t<div class=\"elementor-testimonial-image\">\n\t\t\t\t\t\t\t<a href=\"https:\/\/www.volf.fr\/it\/contact\/\"><img fetchpriority=\"high\" decoding=\"async\" width=\"1677\" height=\"1677\" src=\"https:\/\/www.volf.fr\/wp-content\/uploads\/2020\/06\/5K9A0734-copie.jpg\" class=\"attachment-full size-full wp-image-6011\" alt=\"5K9A0734 copie\" srcset=\"https:\/\/www.volf.fr\/wp-content\/uploads\/2020\/06\/5K9A0734-copie.jpg 1677w, https:\/\/www.volf.fr\/wp-content\/uploads\/2020\/06\/5K9A0734-copie-12x12.jpg 12w, https:\/\/www.volf.fr\/wp-content\/uploads\/2020\/06\/5K9A0734-copie-80x80.jpg 80w, https:\/\/www.volf.fr\/wp-content\/uploads\/2020\/06\/5K9A0734-copie-300x300.jpg 300w, https:\/\/www.volf.fr\/wp-content\/uploads\/2020\/06\/5K9A0734-copie-768x768.jpg 768w, https:\/\/www.volf.fr\/wp-content\/uploads\/2020\/06\/5K9A0734-copie-1030x1030.jpg 1030w, https:\/\/www.volf.fr\/wp-content\/uploads\/2020\/06\/5K9A0734-copie-1536x1536.jpg 1536w, https:\/\/www.volf.fr\/wp-content\/uploads\/2020\/06\/5K9A0734-copie-600x600.jpg 600w, https:\/\/www.volf.fr\/wp-content\/uploads\/2020\/06\/5K9A0734-copie-100x100.jpg 100w\" sizes=\"(max-width: 1677px) 100vw, 1677px\" \/><\/a>\t\t\t\t\t\t<\/div>\n\t\t\t\t\t\n\t\t\t\t\t\t\t\t\t<\/div>\n\t\t\t<\/div>\n\t\t\t\t\t<\/div>\n\t\t\t\t\t\t<\/div>\n\t\t\t\t<\/div>\n\t\t\t\t<div class=\"elementor-element elementor-element-6d82d9e9 elementor-align-center elementor-widget elementor-widget-button\" data-id=\"6d82d9e9\" data-element_type=\"widget\" data-widget_type=\"button.default\">\n\t\t\t\t<div class=\"elementor-widget-container\">\n\t\t\t\t\t\t\t\t\t<div class=\"elementor-button-wrapper\">\n\t\t\t\t\t<a class=\"elementor-button elementor-button-link elementor-size-sm\" href=\"https:\/\/www.volf.fr\/fr\/cal-fr\/\">\n\t\t\t\t\t\t<span class=\"elementor-button-content-wrapper\">\n\t\t\t\t\t\t\t\t\t<span class=\"elementor-button-text\">Mostrare il calendario di prenotazioni<\/span>\n\t\t\t\t\t<\/span>\n\t\t\t\t\t<\/a>\n\t\t\t\t<\/div>\n\t\t\t\t\t\t\t\t<\/div>\n\t\t\t\t<\/div>\n\t\t\t\t\t<\/div>\n\t\t<\/div>\n\t\t\t\t\t<\/div>\n\t\t<\/section>\n\t\t\t\t<section class=\"elementor-section elementor-top-section elementor-element elementor-element-855206f elementor-section-boxed elementor-section-height-default elementor-section-height-default wpr-particle-no wpr-jarallax-no wpr-parallax-no wpr-sticky-section-no\" data-id=\"855206f\" data-element_type=\"section\" data-settings=\"{&quot;_ha_eqh_enable&quot;:false}\">\n\t\t\t\t\t\t<div class=\"elementor-container elementor-column-gap-default\">\n\t\t\t\t\t<div class=\"elementor-column elementor-col-100 elementor-top-column elementor-element elementor-element-dfc5b31\" data-id=\"dfc5b31\" data-element_type=\"column\">\n\t\t\t<div class=\"elementor-widget-wrap elementor-element-populated\">\n\t\t\t\t\t\t<div class=\"elementor-element elementor-element-4341acb elementor-widget elementor-widget-spacer\" data-id=\"4341acb\" data-element_type=\"widget\" data-widget_type=\"spacer.default\">\n\t\t\t\t<div class=\"elementor-widget-container\">\n\t\t\t\t\t\t\t<div class=\"elementor-spacer\">\n\t\t\t<div class=\"elementor-spacer-inner\"><\/div>\n\t\t<\/div>\n\t\t\t\t\t\t<\/div>\n\t\t\t\t<\/div>\n\t\t\t\t<div class=\"elementor-element elementor-element-21d2fd9 elementor-widget elementor-widget-menu-anchor\" data-id=\"21d2fd9\" data-element_type=\"widget\" data-widget_type=\"menu-anchor.default\">\n\t\t\t\t<div class=\"elementor-widget-container\">\n\t\t\t\t\t\t\t<div class=\"elementor-menu-anchor\" id=\"calendrier\"><\/div>\n\t\t\t\t\t\t<\/div>\n\t\t\t\t<\/div>\n\t\t\t\t<div class=\"elementor-element elementor-element-ef99285 elementor-widget elementor-widget-spacer\" data-id=\"ef99285\" data-element_type=\"widget\" data-widget_type=\"spacer.default\">\n\t\t\t\t<div class=\"elementor-widget-container\">\n\t\t\t\t\t\t\t<div class=\"elementor-spacer\">\n\t\t\t<div class=\"elementor-spacer-inner\"><\/div>\n\t\t<\/div>\n\t\t\t\t\t\t<\/div>\n\t\t\t\t<\/div>\n\t\t\t\t\t<\/div>\n\t\t<\/div>\n\t\t\t\t\t<\/div>\n\t\t<\/section>\n\t\t\t\t<\/div>","protected":false},"excerpt":{"rendered":"<p>Informations et R\u00e9servations \u00c9crivez-moi \u00e0 travers le formulaire de Contact ou sur WhatsApp: +393928396829. Nous pourrons fixer un appel vid\u00e9o pour d\u00e9finir vos objectifs, sans&hellip;<\/p>","protected":false},"author":1,"featured_media":0,"parent":0,"menu_order":0,"comment_status":"closed","ping_status":"closed","template":"","meta":{"_uag_custom_page_level_css":"","slim_seo":{"title":"R\u00e9server une le\u00e7on - VOLF \u2013 Voix et Langue Fran\u00e7aise","description":"Informations et R\u00e9servations \u00c9crivez-moi \u00e0 travers le formulaire de Contact ou sur WhatsApp: +393928396829. Nous pourrons fixer un appel vid\u00e9o pour d\u00e9finir vos"},"footnotes":""},"class_list":["post-4233","page","type-page","status-publish","hentry"],"yoast_head":"<!-- This site is optimized with the Yoast SEO plugin v26.6 - https:\/\/yoast.com\/wordpress\/plugins\/seo\/ -->\n<title>R\u00e9server une le\u00e7on - VOLF \u2013 Voix et Langue Fran\u00e7aise<\/title>\n<meta name=\"robots\" content=\"index, follow, max-snippet:-1, max-image-preview:large, max-video-preview:-1\" \/>\n<link rel=\"canonical\" href=\"https:\/\/www.volf.fr\/it\/reservations\/\" \/>\n<meta property=\"og:locale\" content=\"it_IT\" \/>\n<meta property=\"og:type\" content=\"article\" \/>\n<meta property=\"og:title\" content=\"R\u00e9server une le\u00e7on - VOLF \u2013 Voix et Langue Fran\u00e7aise\" \/>\n<meta property=\"og:description\" content=\"Informations et R\u00e9servations \u00c9crivez-moi \u00e0 travers le formulaire de Contact ou sur WhatsApp: +393928396829. Nous pourrons fixer un appel vid\u00e9o pour d\u00e9finir vos objectifs, sans&hellip;\" \/>\n<meta property=\"og:url\" content=\"https:\/\/www.volf.fr\/it\/reservations\/\" \/>\n<meta property=\"og:site_name\" content=\"VOLF \u2013 Voix et Langue Fran\u00e7aise\" \/>\n<meta property=\"article:modified_time\" content=\"2022-09-14T18:47:13+00:00\" \/>\n<meta property=\"og:image\" content=\"https:\/\/www.volf.fr\/wp-content\/uploads\/2020\/06\/5K9A0734-copie.jpg\" \/>\n<meta name=\"twitter:card\" content=\"summary_large_image\" \/>\n<script type=\"application\/ld+json\" class=\"yoast-schema-graph\">{\"@context\":\"https:\/\/schema.org\",\"@graph\":[{\"@type\":\"WebPage\",\"@id\":\"https:\/\/www.volf.fr\/it\/reservations\/\",\"url\":\"https:\/\/www.volf.fr\/it\/reservations\/\",\"name\":\"R\u00e9server une le\u00e7on - VOLF \u2013 Voix et Langue Fran\u00e7aise\",\"isPartOf\":{\"@id\":\"https:\/\/www.volf.fr\/#website\"},\"primaryImageOfPage\":{\"@id\":\"https:\/\/www.volf.fr\/it\/reservations\/#primaryimage\"},\"image\":{\"@id\":\"https:\/\/www.volf.fr\/it\/reservations\/#primaryimage\"},\"thumbnailUrl\":\"https:\/\/www.volf.fr\/wp-content\/uploads\/2020\/06\/5K9A0734-copie.jpg\",\"datePublished\":\"2020-03-11T23:04:23+00:00\",\"dateModified\":\"2022-09-14T18:47:13+00:00\",\"breadcrumb\":{\"@id\":\"https:\/\/www.volf.fr\/it\/reservations\/#breadcrumb\"},\"inLanguage\":\"it-IT\",\"potentialAction\":[{\"@type\":\"ReadAction\",\"target\":[\"https:\/\/www.volf.fr\/it\/reservations\/\"]}]},{\"@type\":\"ImageObject\",\"inLanguage\":\"it-IT\",\"@id\":\"https:\/\/www.volf.fr\/it\/reservations\/#primaryimage\",\"url\":\"https:\/\/www.volf.fr\/wp-content\/uploads\/2020\/06\/5K9A0734-copie.jpg\",\"contentUrl\":\"https:\/\/www.volf.fr\/wp-content\/uploads\/2020\/06\/5K9A0734-copie.jpg\"},{\"@type\":\"BreadcrumbList\",\"@id\":\"https:\/\/www.volf.fr\/it\/reservations\/#breadcrumb\",\"itemListElement\":[{\"@type\":\"ListItem\",\"position\":1,\"name\":\"Accueil\",\"item\":\"https:\/\/www.volf.fr\/\"},{\"@type\":\"ListItem\",\"position\":2,\"name\":\"R\u00e9server une le\u00e7on\"}]},{\"@type\":\"WebSite\",\"@id\":\"https:\/\/www.volf.fr\/#website\",\"url\":\"https:\/\/www.volf.fr\/\",\"name\":\"VOLF \u2013 Voix et Langue Fran\u00e7aise\",\"description\":\"\",\"publisher\":{\"@id\":\"https:\/\/www.volf.fr\/#organization\"},\"potentialAction\":[{\"@type\":\"SearchAction\",\"target\":{\"@type\":\"EntryPoint\",\"urlTemplate\":\"https:\/\/www.volf.fr\/?s={search_term_string}\"},\"query-input\":{\"@type\":\"PropertyValueSpecification\",\"valueRequired\":true,\"valueName\":\"search_term_string\"}}],\"inLanguage\":\"it-IT\"},{\"@type\":\"Organization\",\"@id\":\"https:\/\/www.volf.fr\/#organization\",\"name\":\"VOLF \u2013 Voix et Langue Fran\u00e7aise\",\"url\":\"https:\/\/www.volf.fr\/\",\"logo\":{\"@type\":\"ImageObject\",\"inLanguage\":\"it-IT\",\"@id\":\"https:\/\/www.volf.fr\/#\/schema\/logo\/image\/\",\"url\":\"https:\/\/www.volf.fr\/wp-content\/uploads\/2024\/09\/cropped-logo-volf1-2.png\",\"contentUrl\":\"https:\/\/www.volf.fr\/wp-content\/uploads\/2024\/09\/cropped-logo-volf1-2.png\",\"width\":685,\"height\":685,\"caption\":\"VOLF \u2013 Voix et Langue Fran\u00e7aise\"},\"image\":{\"@id\":\"https:\/\/www.volf.fr\/#\/schema\/logo\/image\/\"}}]}<\/script>\n<!-- \/ Yoast SEO plugin. -->","yoast_head_json":{"title":"R\u00e9server une le\u00e7on - VOLF \u2013 Voix et Langue Fran\u00e7aise","robots":{"index":"index","follow":"follow","max-snippet":"max-snippet:-1","max-image-preview":"max-image-preview:large","max-video-preview":"max-video-preview:-1"},"canonical":"https:\/\/www.volf.fr\/it\/reservations\/","og_locale":"it_IT","og_type":"article","og_title":"R\u00e9server une le\u00e7on - VOLF \u2013 Voix et Langue Fran\u00e7aise","og_description":"Informations et R\u00e9servations \u00c9crivez-moi \u00e0 travers le formulaire de Contact ou sur WhatsApp: +393928396829. Nous pourrons fixer un appel vid\u00e9o pour d\u00e9finir vos objectifs, sans&hellip;","og_url":"https:\/\/www.volf.fr\/it\/reservations\/","og_site_name":"VOLF \u2013 Voix et Langue Fran\u00e7aise","article_modified_time":"2022-09-14T18:47:13+00:00","og_image":[{"url":"https:\/\/www.volf.fr\/wp-content\/uploads\/2020\/06\/5K9A0734-copie.jpg","type":"","width":"","height":""}],"twitter_card":"summary_large_image","schema":{"@context":"https:\/\/schema.org","@graph":[{"@type":"WebPage","@id":"https:\/\/www.volf.fr\/it\/reservations\/","url":"https:\/\/www.volf.fr\/it\/reservations\/","name":"R\u00e9server une le\u00e7on - VOLF \u2013 Voix et Langue Fran\u00e7aise","isPartOf":{"@id":"https:\/\/www.volf.fr\/#website"},"primaryImageOfPage":{"@id":"https:\/\/www.volf.fr\/it\/reservations\/#primaryimage"},"image":{"@id":"https:\/\/www.volf.fr\/it\/reservations\/#primaryimage"},"thumbnailUrl":"https:\/\/www.volf.fr\/wp-content\/uploads\/2020\/06\/5K9A0734-copie.jpg","datePublished":"2020-03-11T23:04:23+00:00","dateModified":"2022-09-14T18:47:13+00:00","breadcrumb":{"@id":"https:\/\/www.volf.fr\/it\/reservations\/#breadcrumb"},"inLanguage":"it-IT","potentialAction":[{"@type":"ReadAction","target":["https:\/\/www.volf.fr\/it\/reservations\/"]}]},{"@type":"ImageObject","inLanguage":"it-IT","@id":"https:\/\/www.volf.fr\/it\/reservations\/#primaryimage","url":"https:\/\/www.volf.fr\/wp-content\/uploads\/2020\/06\/5K9A0734-copie.jpg","contentUrl":"https:\/\/www.volf.fr\/wp-content\/uploads\/2020\/06\/5K9A0734-copie.jpg"},{"@type":"BreadcrumbList","@id":"https:\/\/www.volf.fr\/it\/reservations\/#breadcrumb","itemListElement":[{"@type":"ListItem","position":1,"name":"Accueil","item":"https:\/\/www.volf.fr\/"},{"@type":"ListItem","position":2,"name":"R\u00e9server une le\u00e7on"}]},{"@type":"WebSite","@id":"https:\/\/www.volf.fr\/#website","url":"https:\/\/www.volf.fr\/","name":"VOLF \u2013 Voix et Langue Fran\u00e7aise","description":"","publisher":{"@id":"https:\/\/www.volf.fr\/#organization"},"potentialAction":[{"@type":"SearchAction","target":{"@type":"EntryPoint","urlTemplate":"https:\/\/www.volf.fr\/?s={search_term_string}"},"query-input":{"@type":"PropertyValueSpecification","valueRequired":true,"valueName":"search_term_string"}}],"inLanguage":"it-IT"},{"@type":"Organization","@id":"https:\/\/www.volf.fr\/#organization","name":"VOLF \u2013 Voix et Langue Fran\u00e7aise","url":"https:\/\/www.volf.fr\/","logo":{"@type":"ImageObject","inLanguage":"it-IT","@id":"https:\/\/www.volf.fr\/#\/schema\/logo\/image\/","url":"https:\/\/www.volf.fr\/wp-content\/uploads\/2024\/09\/cropped-logo-volf1-2.png","contentUrl":"https:\/\/www.volf.fr\/wp-content\/uploads\/2024\/09\/cropped-logo-volf1-2.png","width":685,"height":685,"caption":"VOLF \u2013 Voix et Langue Fran\u00e7aise"},"image":{"@id":"https:\/\/www.volf.fr\/#\/schema\/logo\/image\/"}}]}},"uagb_featured_image_src":{"full":false,"thumbnail":false,"medium":false,"medium_large":false,"large":false,"1536x1536":false,"2048x2048":false,"trp-custom-language-flag":false,"woocommerce_thumbnail":false,"woocommerce_single":false,"woocommerce_gallery_thumbnail":false},"uagb_author_info":{"display_name":"Eymat\u00e0","author_link":"https:\/\/www.volf.fr\/it\/author\/aimata\/"},"uagb_comment_info":0,"uagb_excerpt":"Informations et R\u00e9servations \u00c9crivez-moi \u00e0 travers le formulaire de Contact ou sur WhatsApp: +393928396829. Nous pourrons fixer un appel vid\u00e9o pour d\u00e9finir vos objectifs, sans&hellip;","_links":{"self":[{"href":"https:\/\/www.volf.fr\/it\/wp-json\/wp\/v2\/pages\/4233","targetHints":{"allow":["GET"]}}],"collection":[{"href":"https:\/\/www.volf.fr\/it\/wp-json\/wp\/v2\/pages"}],"about":[{"href":"https:\/\/www.volf.fr\/it\/wp-json\/wp\/v2\/types\/page"}],"author":[{"embeddable":true,"href":"https:\/\/www.volf.fr\/it\/wp-json\/wp\/v2\/users\/1"}],"replies":[{"embeddable":true,"href":"https:\/\/www.volf.fr\/it\/wp-json\/wp\/v2\/comments?post=4233"}],"version-history":[{"count":72,"href":"https:\/\/www.volf.fr\/it\/wp-json\/wp\/v2\/pages\/4233\/revisions"}],"predecessor-version":[{"id":9177,"href":"https:\/\/www.volf.fr\/it\/wp-json\/wp\/v2\/pages\/4233\/revisions\/9177"}],"wp:attachment":[{"href":"https:\/\/www.volf.fr\/it\/wp-json\/wp\/v2\/media?parent=4233"}],"curies":[{"name":"wp","href":"https:\/\/api.w.org\/{rel}","templated":true}]}}