{"id":2528,"date":"2013-10-20T20:34:24","date_gmt":"2013-10-20T18:34:24","guid":{"rendered":"http:\/\/www.volf.fr\/?page_id=2528"},"modified":"2020-04-28T13:21:37","modified_gmt":"2020-04-28T11:21:37","slug":"articles","status":"publish","type":"page","link":"https:\/\/www.volf.fr\/it\/articles\/","title":{"rendered":"Articles"},"content":{"rendered":"<h3>On line<\/h3>\n<p>[accordion]<\/p>\n<p>[accordion_toggle title=\u00a0\u00bbTv et radio pour apprendre en ligne\u00a0\u00bb]<a href=\"http:\/\/apprendre.tv5monde.com\" target=\"_blank\" rel=\"noopener noreferrer\">TV5 Apprendre le fran\u00e7ais<\/a><\/p>\n<p><a href=\"http:\/\/www.rfi.fr\/lffr\/statiques\/accueil_apprendre.asp\" target=\"_blank\" rel=\"noopener noreferrer\">RFI Langue fran\u00e7aise<\/a><\/p>\n<p><a href=\"http:\/\/parlons-francais.tv5monde.com\/webdocumentaires-pour-apprendre-le-francais\/p-1-lg0-Accueil.htm\" target=\"_blank\" rel=\"noopener noreferrer\">Apprendre le fran\u00e7ais avec des webdocumentaires<\/a>[\/accordion_toggle]<\/p>\n<p>[accordion_toggle title=\u00a0\u00bbDictionnaires monolingues et bilingues\u00a0\u00bb]<a href=\"http:\/\/www.larousse.fr\/dictionnaires\/francais\" target=\"_blank\" rel=\"noopener noreferrer\">Dictionnaire Larousse<\/a><\/p>\n<p><a href=\"http:\/\/le-dictionnaire.com\" target=\"_blank\" rel=\"noopener noreferrer\">Le dictionnaire<\/a><\/p>\n<p><a href=\"http:\/\/www.cnrtl.fr\" target=\"_blank\" rel=\"noopener noreferrer\">Centre National de Ressources Textuelles et Lexicales<\/a><\/p>\n<p><a href=\"http:\/\/atilf.atilf.fr\" target=\"_blank\" rel=\"noopener noreferrer\">Tr\u00e9sor de la Langue Fran\u00e7aise<\/a><\/p>\n<p><a href=\"http:\/\/www.lexilogos.com\" target=\"_blank\" rel=\"noopener noreferrer\">Lexilogos &#8211; Mots et merveilles d&rsquo;ici et d&rsquo;ailleurs<\/a><\/p>\n<p><a href=\"https:\/\/www.garzantilinguistica.it\/\" target=\"_blank\" rel=\"noopener noreferrer\">Dictionnaire bilingue fran\u00e7ais\/italien: Garzanti Linguistica<\/a> [\/accordion_toggle]<\/p>\n<p>[accordion_toggle title=\u00a0\u00bbConjugaison des verbes\u00a0\u00bb]<a href=\"http:\/\/www.conjugaison.com\" target=\"_blank\" rel=\"noopener noreferrer\">Conjugaison fran\u00e7aise et grammaire des verbes<\/a>[\/accordion_toggle]<\/p>\n<p>[accordion_toggle title=\u00a0\u00bbPhon\u00e9tique et prononciation &#8211; avec Flash Player\u00a0\u00bb]<a href=\"http:\/\/phonetique.free.fr\" target=\"_blank\" rel=\"noopener noreferrer\">Phon\u00e9tique.Free<\/a>[\/accordion_toggle]<\/p>\n<p>[accordion_toggle title=\u00a0\u00bbDict\u00e9es en ligne\u00a0\u00bb]<a href=\"https:\/\/m.bescherelle.com\/dictees-audio\" target=\"_blank\" rel=\"noopener noreferrer\">Les dict\u00e9es Bescherelle<\/a>[\/accordion_toggle]<\/p>\n<div title=\"Page 26\">\n<p>[accordion_toggle title=\u00a0\u00bbSites et blogs consacr\u00e9s\u00a0\u00bb]<a href=\"http:\/\/www.lepointdufle.net\" target=\"_blank\" rel=\"noopener noreferrer\">Le Point du FLE<\/a><\/p>\n<p><a href=\"http:\/\/jean-nicolaslefle.viabloga.com\" target=\"_blank\" rel=\"noopener noreferrer\">Apprentissage du fran\u00e7ais<\/a>[\/accordion_toggle]<\/p>\n<div title=\"Page 26\">\n<p>[accordion_toggle title=\u00a0\u00bbExamens\u00a0\u00bb]<a href=\"http:\/\/www.ciep.fr\/delfdalf\/sujets-delf.php\" target=\"_blank\" rel=\"noopener noreferrer\">CIEP &#8211; Exemples de sujets DELF<\/a><\/p>\n<p><a href=\"http:\/\/www.ciep.fr\/delfdalf\/sujets-dalf.php\" target=\"_blank\" rel=\"noopener noreferrer\">CIEP &#8211; Exemples de sujets DALF<\/a>[\/accordion_toggle]<\/p>\n<p>[accordion_toggle title=\u00a0\u00bbLivres\u00a0\u00bb]<a href=\"http:\/\/www.culturetheque.com\/EXPLOITATION\/ITA\/\" target=\"_blank\" rel=\"noopener noreferrer\">Cultureth\u00e8que, votre biblioth\u00e8que num\u00e9rique<\/a>[\/accordion_toggle]<\/p>\n<p>[accordion_toggle title=\u00a0\u00bbRadios et t\u00e9l\u00e9visions fran\u00e7aises\u00a0\u00bb]<a href=\"http:\/\/www.radiofrance.fr\" target=\"_blank\" rel=\"noopener noreferrer\">Radio France<\/a><\/p>\n<p><a href=\"http:\/\/www.tv5.org\" target=\"_blank\" rel=\"noopener noreferrer\">TV5 Monde<\/a><\/p>\n<p><a href=\"http:\/\/pluzz.francetv.fr\" target=\"_blank\" rel=\"noopener noreferrer\">France TV Pluzz<\/a><\/p>\n<p><a href=\"http:\/\/www.tv-replay.fr\" target=\"_blank\" rel=\"noopener noreferrer\">TV Replay <\/a><\/p>\n<p><a href=\"http:\/\/www.ina.fr\" target=\"_blank\" rel=\"noopener noreferrer\">Institut National de l&rsquo;Audiovisuel<\/a>[\/accordion_toggle]<\/p>\n<p>[accordion_toggle title=\u00a0\u00bbJournaux en ligne\u00a0\u00bb]<a href=\"http:\/\/www.lepetitjournal.com\/rome\/accueil\">Le Petit Journal.com \u2013 Rome<\/a><\/p>\n<p><a href=\"http:\/\/www.lemonde.fr\" target=\"_blank\" rel=\"noopener noreferrer\">Le Monde<\/a><\/p>\n<p><a href=\"http:\/\/www.liberation.fr\" target=\"_blank\" rel=\"noopener noreferrer\">Lib\u00e9ration<\/a><\/p>\n<p><a href=\"http:\/\/www.lefigaro.fr\" target=\"_blank\" rel=\"noopener noreferrer\">Le Figaro<\/a><\/p>\n<p><a href=\"http:\/\/www.courrierinternational.com\" target=\"_blank\" rel=\"noopener noreferrer\">Courrier International<\/a><\/p>\n<p><a href=\"http:\/\/www.monde-diplomatique.fr\" target=\"_blank\" rel=\"noopener noreferrer\">Le Monde Diplomatique<\/a><\/p>\n<p>[\/accordion_toggle]<\/p>\n<\/div>\n<\/div>\n<p>[\/accordion]<\/p>\n<p>Cette liste n&rsquo;est pas exhaustive. Si vous souhaitez sugg\u00e9rer d&rsquo;autres sites, n&rsquo;h\u00e9sitez pas \u00e0 nous contacter.<\/p>\n<h3>A Roma<\/h3>\n<div title=\"Page 26\">\n<p>[accordion]<\/p>\n<p>[accordion_toggle title=\u00a0\u00bbCulture et Langue\u00a0\u00bb]<a href=\"http:\/\/www.saintlouisdefrance.it\/?l=fr\">Institut Fran\u00e7ais &#8211; Centre Saint-Louis<\/a><\/p>\n<p><a href=\"http:\/\/www.villamedici.it\/fr\">Acad\u00e9mie de France \u00e0 Rome &#8211; Villa M\u00e9dicis<\/a><\/p>\n<p><a href=\"http:\/\/roma.institutfrancais-italia.com\/fr\">Institut Fran\u00e7ais Italia<\/a>[\/accordion_toggle]<\/p>\n<p>[accordion_toggle title=\u00a0\u00bbBiblioth\u00e8ques et librairies\u00a0\u00bb]<a href=\"https:\/\/www.libreriastendhal.com\/\" target=\"_blank\" rel=\"noopener noreferrer\">Librairie Stendhal<\/a><\/p>\n<p><a href=\"http:\/\/www.saintlouisdefrance.it\/M\u00e9diath\u00e8que\/index.php?m=19\">M\u00e9diath\u00e8que de l&rsquo;Institut fran\u00e7ais &#8211; Centre Saint-Louis<\/a><\/p>\n<\/div>\n<div title=\"Page 26\">\n<p>[\/accordion_toggle]<\/p>\n<\/div>\n<div title=\"Page 26\">\n<p>[accordion_toggle title=\u00a0\u00bbAssociations culturelles francophones\u00a0\u00bb]<a href=\"http:\/\/www.romeaccueil.com\">Rome accueil<\/a><\/p>\n<p><a href=\"http:\/\/www.inventerrome.com\/index.php\/fr\/\">Inventer Rome<\/a><\/p>\n<p><a href=\"http:\/\/www.francais-du-monde.org\/section\/rome\/\">Fran\u00e7ais du Monde \/ ADFE<\/a>[\/accordion_toggle]<\/p>\n<div title=\"Page 26\">\n<p>[accordion_toggle title=\u00a0\u00bb\u00c9ducation et Recherche\u00a0\u00bb]<a href=\"http:\/\/www.lycee-chateaubriand.eu\">Lyc\u00e9e Chateaubriand<\/a><\/p>\n<p><a href=\"http:\/\/www.institutsaintdominique.it\">Institut Saint-Dominique de Rome<\/a><\/p>\n<p><a href=\"https:\/\/www.efrome.it\/\">\u00c9cole fran\u00e7aise de Rome<\/a><\/p>\n<p><a href=\"http:\/\/host.uniroma3.it\/centri\/itafra\/\">Centro italo-francese di studi comparati&nbsp;<\/a><\/p>\n<p><a href=\"http:\/\/www.cned.fr\">Centre National d&rsquo;Enseignement \u00e0 Distance<\/a><\/p>\n<p><a href=\"http:\/\/www.italie.campusfrance.org\">Campus France<\/a>[\/accordion_toggle]<\/p>\n<\/div>\n<\/div>\n<div title=\"Page 26\">\n<p>[accordion_toggle title=\u00a0\u00bbAmbassades\u00a0\u00bb]<a href=\"http:\/\/www.ambafrance-it.org\">Ambassade de France en Italie<\/a><\/p>\n<p><a href=\"http:\/\/www.france-vatican.org\">Ambassade de France pr\u00e8s le Saint-Si\u00e8ge<\/a>[\/accordion_toggle]<\/p>\n<p>[accordion_toggle title=\u00a0\u00bb\u00c9glises\u00a0\u00bb]<\/p>\n<p><a href=\"https:\/\/va.ambafrance.org\/-Les-Pieux-Etablissements-de-la-\">Pieux \u00e9tablissements<\/a><\/p>\n<p><a href=\"http:\/\/www.saintlouis-rome.net\">Saint-Louis des fran\u00e7ais<\/a><\/p>\n<p><span style=\"color: #333333;\">[\/accordion_toggle]<\/span>[\/accordion]<\/p>\n<\/div>","protected":false},"excerpt":{"rendered":"<p>En ligne [accordion] [accordion_toggle title=\u00a0\u00bbTv et radio pour apprendre en ligne\u00a0\u00bb]TV5 Apprendre le fran\u00e7ais RFI Langue fran\u00e7aise Apprendre le fran\u00e7ais avec des webdocumentaires[\/accordion_toggle] [accordion_toggle title=\u00a0\u00bbDictionnaires&hellip;<\/p>","protected":false},"author":1,"featured_media":0,"parent":0,"menu_order":0,"comment_status":"closed","ping_status":"closed","template":"","meta":{"_uag_custom_page_level_css":"","slim_seo":{"title":"Articles - VOLF \u2013 Voix et Langue Fran\u00e7aise","description":"En ligne [accordion] [accordion_toggle title=\"Tv et radio pour apprendre en ligne\"] TV5 Apprendre le fran\u00e7ais RFI Langue fran\u00e7aise Apprendre le fran\u00e7ais avec de"},"footnotes":""},"class_list":["post-2528","page","type-page","status-publish","hentry"],"yoast_head":"<!-- This site is optimized with the Yoast SEO plugin v26.6 - https:\/\/yoast.com\/wordpress\/plugins\/seo\/ -->\n<title>Articles - VOLF \u2013 Voix et Langue Fran\u00e7aise<\/title>\n<meta name=\"robots\" content=\"index, follow, max-snippet:-1, max-image-preview:large, max-video-preview:-1\" \/>\n<link rel=\"canonical\" href=\"https:\/\/www.volf.fr\/it\/articles\/\" \/>\n<meta property=\"og:locale\" content=\"it_IT\" \/>\n<meta property=\"og:type\" content=\"article\" \/>\n<meta property=\"og:title\" content=\"Articles - VOLF \u2013 Voix et Langue Fran\u00e7aise\" \/>\n<meta property=\"og:description\" content=\"En ligne [accordion] [accordion_toggle title=\u00a0\u00bbTv et radio pour apprendre en ligne\u00a0\u00bb]TV5 Apprendre le fran\u00e7ais RFI Langue fran\u00e7aise Apprendre le fran\u00e7ais avec des webdocumentaires[\/accordion_toggle] [accordion_toggle title=\u00a0\u00bbDictionnaires&hellip;\" \/>\n<meta property=\"og:url\" content=\"https:\/\/www.volf.fr\/it\/articles\/\" \/>\n<meta property=\"og:site_name\" content=\"VOLF \u2013 Voix et Langue Fran\u00e7aise\" \/>\n<meta property=\"article:modified_time\" content=\"2020-04-28T11:21:37+00:00\" \/>\n<meta name=\"twitter:card\" content=\"summary_large_image\" \/>\n<meta name=\"twitter:label1\" content=\"Tempo di lettura stimato\" \/>\n\t<meta name=\"twitter:data1\" content=\"2 minuti\" \/>\n<script type=\"application\/ld+json\" class=\"yoast-schema-graph\">{\"@context\":\"https:\/\/schema.org\",\"@graph\":[{\"@type\":\"WebPage\",\"@id\":\"https:\/\/www.volf.fr\/articles\/\",\"url\":\"https:\/\/www.volf.fr\/articles\/\",\"name\":\"Articles - VOLF \u2013 Voix et Langue Fran\u00e7aise\",\"isPartOf\":{\"@id\":\"https:\/\/www.volf.fr\/#website\"},\"datePublished\":\"2013-10-20T18:34:24+00:00\",\"dateModified\":\"2020-04-28T11:21:37+00:00\",\"breadcrumb\":{\"@id\":\"https:\/\/www.volf.fr\/articles\/#breadcrumb\"},\"inLanguage\":\"it-IT\",\"potentialAction\":[{\"@type\":\"ReadAction\",\"target\":[\"https:\/\/www.volf.fr\/articles\/\"]}]},{\"@type\":\"BreadcrumbList\",\"@id\":\"https:\/\/www.volf.fr\/articles\/#breadcrumb\",\"itemListElement\":[{\"@type\":\"ListItem\",\"position\":1,\"name\":\"Accueil\",\"item\":\"https:\/\/www.volf.fr\/\"},{\"@type\":\"ListItem\",\"position\":2,\"name\":\"Articles\"}]},{\"@type\":\"WebSite\",\"@id\":\"https:\/\/www.volf.fr\/#website\",\"url\":\"https:\/\/www.volf.fr\/\",\"name\":\"VOLF \u2013 Voix et Langue Fran\u00e7aise\",\"description\":\"\",\"publisher\":{\"@id\":\"https:\/\/www.volf.fr\/#organization\"},\"potentialAction\":[{\"@type\":\"SearchAction\",\"target\":{\"@type\":\"EntryPoint\",\"urlTemplate\":\"https:\/\/www.volf.fr\/?s={search_term_string}\"},\"query-input\":{\"@type\":\"PropertyValueSpecification\",\"valueRequired\":true,\"valueName\":\"search_term_string\"}}],\"inLanguage\":\"it-IT\"},{\"@type\":\"Organization\",\"@id\":\"https:\/\/www.volf.fr\/#organization\",\"name\":\"VOLF \u2013 Voix et Langue Fran\u00e7aise\",\"url\":\"https:\/\/www.volf.fr\/\",\"logo\":{\"@type\":\"ImageObject\",\"inLanguage\":\"it-IT\",\"@id\":\"https:\/\/www.volf.fr\/#\/schema\/logo\/image\/\",\"url\":\"https:\/\/www.volf.fr\/wp-content\/uploads\/2024\/09\/cropped-logo-volf1-2.png\",\"contentUrl\":\"https:\/\/www.volf.fr\/wp-content\/uploads\/2024\/09\/cropped-logo-volf1-2.png\",\"width\":685,\"height\":685,\"caption\":\"VOLF \u2013 Voix et Langue Fran\u00e7aise\"},\"image\":{\"@id\":\"https:\/\/www.volf.fr\/#\/schema\/logo\/image\/\"}}]}<\/script>\n<!-- \/ Yoast SEO plugin. -->","yoast_head_json":{"title":"Articles - VOLF \u2013 Voix et Langue Fran\u00e7aise","robots":{"index":"index","follow":"follow","max-snippet":"max-snippet:-1","max-image-preview":"max-image-preview:large","max-video-preview":"max-video-preview:-1"},"canonical":"https:\/\/www.volf.fr\/it\/articles\/","og_locale":"it_IT","og_type":"article","og_title":"Articles - VOLF \u2013 Voix et Langue Fran\u00e7aise","og_description":"En ligne [accordion] [accordion_toggle title=\u00a0\u00bbTv et radio pour apprendre en ligne\u00a0\u00bb]TV5 Apprendre le fran\u00e7ais RFI Langue fran\u00e7aise Apprendre le fran\u00e7ais avec des webdocumentaires[\/accordion_toggle] [accordion_toggle title=\u00a0\u00bbDictionnaires&hellip;","og_url":"https:\/\/www.volf.fr\/it\/articles\/","og_site_name":"VOLF \u2013 Voix et Langue Fran\u00e7aise","article_modified_time":"2020-04-28T11:21:37+00:00","twitter_card":"summary_large_image","twitter_misc":{"Tempo di lettura stimato":"2 minuti"},"schema":{"@context":"https:\/\/schema.org","@graph":[{"@type":"WebPage","@id":"https:\/\/www.volf.fr\/articles\/","url":"https:\/\/www.volf.fr\/articles\/","name":"Articles - VOLF \u2013 Voix et Langue Fran\u00e7aise","isPartOf":{"@id":"https:\/\/www.volf.fr\/#website"},"datePublished":"2013-10-20T18:34:24+00:00","dateModified":"2020-04-28T11:21:37+00:00","breadcrumb":{"@id":"https:\/\/www.volf.fr\/articles\/#breadcrumb"},"inLanguage":"it-IT","potentialAction":[{"@type":"ReadAction","target":["https:\/\/www.volf.fr\/articles\/"]}]},{"@type":"BreadcrumbList","@id":"https:\/\/www.volf.fr\/articles\/#breadcrumb","itemListElement":[{"@type":"ListItem","position":1,"name":"Accueil","item":"https:\/\/www.volf.fr\/"},{"@type":"ListItem","position":2,"name":"Articles"}]},{"@type":"WebSite","@id":"https:\/\/www.volf.fr\/#website","url":"https:\/\/www.volf.fr\/","name":"VOLF \u2013 Voix et Langue Fran\u00e7aise","description":"","publisher":{"@id":"https:\/\/www.volf.fr\/#organization"},"potentialAction":[{"@type":"SearchAction","target":{"@type":"EntryPoint","urlTemplate":"https:\/\/www.volf.fr\/?s={search_term_string}"},"query-input":{"@type":"PropertyValueSpecification","valueRequired":true,"valueName":"search_term_string"}}],"inLanguage":"it-IT"},{"@type":"Organization","@id":"https:\/\/www.volf.fr\/#organization","name":"VOLF \u2013 Voix et Langue Fran\u00e7aise","url":"https:\/\/www.volf.fr\/","logo":{"@type":"ImageObject","inLanguage":"it-IT","@id":"https:\/\/www.volf.fr\/#\/schema\/logo\/image\/","url":"https:\/\/www.volf.fr\/wp-content\/uploads\/2024\/09\/cropped-logo-volf1-2.png","contentUrl":"https:\/\/www.volf.fr\/wp-content\/uploads\/2024\/09\/cropped-logo-volf1-2.png","width":685,"height":685,"caption":"VOLF \u2013 Voix et Langue Fran\u00e7aise"},"image":{"@id":"https:\/\/www.volf.fr\/#\/schema\/logo\/image\/"}}]}},"uagb_featured_image_src":{"full":false,"thumbnail":false,"medium":false,"medium_large":false,"large":false,"1536x1536":false,"2048x2048":false,"trp-custom-language-flag":false,"woocommerce_thumbnail":false,"woocommerce_single":false,"woocommerce_gallery_thumbnail":false},"uagb_author_info":{"display_name":"Eymat\u00e0","author_link":"https:\/\/www.volf.fr\/it\/author\/aimata\/"},"uagb_comment_info":0,"uagb_excerpt":"En ligne [accordion] [accordion_toggle title=\u00a0\u00bbTv et radio pour apprendre en ligne\u00a0\u00bb]TV5 Apprendre le fran\u00e7ais RFI Langue fran\u00e7aise Apprendre le fran\u00e7ais avec des webdocumentaires[\/accordion_toggle] [accordion_toggle title=\u00a0\u00bbDictionnaires&hellip;","_links":{"self":[{"href":"https:\/\/www.volf.fr\/it\/wp-json\/wp\/v2\/pages\/2528","targetHints":{"allow":["GET"]}}],"collection":[{"href":"https:\/\/www.volf.fr\/it\/wp-json\/wp\/v2\/pages"}],"about":[{"href":"https:\/\/www.volf.fr\/it\/wp-json\/wp\/v2\/types\/page"}],"author":[{"embeddable":true,"href":"https:\/\/www.volf.fr\/it\/wp-json\/wp\/v2\/users\/1"}],"replies":[{"embeddable":true,"href":"https:\/\/www.volf.fr\/it\/wp-json\/wp\/v2\/comments?post=2528"}],"version-history":[{"count":71,"href":"https:\/\/www.volf.fr\/it\/wp-json\/wp\/v2\/pages\/2528\/revisions"}],"predecessor-version":[{"id":5028,"href":"https:\/\/www.volf.fr\/it\/wp-json\/wp\/v2\/pages\/2528\/revisions\/5028"}],"wp:attachment":[{"href":"https:\/\/www.volf.fr\/it\/wp-json\/wp\/v2\/media?parent=2528"}],"curies":[{"name":"wp","href":"https:\/\/api.w.org\/{rel}","templated":true}]}}