{"id":11111,"date":"2025-03-11T07:25:04","date_gmt":"2025-03-11T06:25:04","guid":{"rendered":"https:\/\/www.volf.fr\/?page_id=11111"},"modified":"2025-03-11T07:58:40","modified_gmt":"2025-03-11T06:58:40","slug":"exercices-nasales-2","status":"publish","type":"page","link":"https:\/\/www.volf.fr\/it\/exercices-nasales-2\/","title":{"rendered":"Exercices nasales (2)"},"content":{"rendered":"<div data-elementor-type=\"wp-page\" data-elementor-id=\"11111\" class=\"elementor elementor-11111\" data-elementor-settings=\"{&quot;ha_cmc_init_switcher&quot;:&quot;no&quot;}\">\n\t\t\t\t\t\t<section class=\"elementor-section elementor-top-section elementor-element elementor-element-1c595fb elementor-section-boxed elementor-section-height-default elementor-section-height-default wpr-particle-no wpr-jarallax-no wpr-parallax-no wpr-sticky-section-no\" data-id=\"1c595fb\" data-element_type=\"section\" data-settings=\"{&quot;_ha_eqh_enable&quot;:false}\">\n\t\t\t\t\t\t<div class=\"elementor-container elementor-column-gap-default\">\n\t\t\t\t\t<div class=\"elementor-column elementor-col-100 elementor-top-column elementor-element elementor-element-2f2a231\" data-id=\"2f2a231\" data-element_type=\"column\">\n\t\t\t<div class=\"elementor-widget-wrap elementor-element-populated\">\n\t\t\t\t\t\t<div class=\"elementor-element elementor-element-283c6b3 elementor-widget elementor-widget-heading\" data-id=\"283c6b3\" data-element_type=\"widget\" data-widget_type=\"heading.default\">\n\t\t\t\t<div class=\"elementor-widget-container\">\n\t\t\t\t\t<h2 class=\"elementor-heading-title elementor-size-default\">1. \"\u00c0 la boulangerie\"<\/h2>\t\t\t\t<\/div>\n\t\t\t\t<\/div>\n\t\t\t\t<div class=\"elementor-element elementor-element-33f9037 elementor-widget elementor-widget-text-editor\" data-id=\"33f9037\" data-element_type=\"widget\" data-widget_type=\"text-editor.default\">\n\t\t\t\t<div class=\"elementor-widget-container\">\n\t\t\t\t\t\t\t\t\t<p>Parl\u00e9<\/p><p><audio class=\"wp-audio-shortcode\" id=\"audio-11111-1\" preload=\"none\" style=\"width: 100%;\" controls=\"controls\"><source type=\"audio\/mpeg\" src=\"https:\/\/www.volf.fr\/wp-content\/uploads\/2025\/03\/a-la-boulangerie-parle.m4a?_=1\" \/><a href=\"https:\/\/www.volf.fr\/wp-content\/uploads\/2025\/03\/a-la-boulangerie-parle.m4a\">https:\/\/www.volf.fr\/wp-content\/uploads\/2025\/03\/a-la-boulangerie-parle.m4a<\/a><\/audio><\/p><p>Chant\u00e9 sur une note<\/p><p><audio class=\"wp-audio-shortcode\" id=\"audio-11111-2\" preload=\"none\" style=\"width: 100%;\" controls=\"controls\"><source type=\"audio\/mpeg\" src=\"https:\/\/www.volf.fr\/wp-content\/uploads\/2025\/03\/la-boulangerie-chante.m4a?_=2\" \/><a href=\"https:\/\/www.volf.fr\/wp-content\/uploads\/2025\/03\/la-boulangerie-chante.m4a\">https:\/\/www.volf.fr\/wp-content\/uploads\/2025\/03\/la-boulangerie-chante.m4a<\/a><\/audio><\/p>\t\t\t\t\t\t\t\t<\/div>\n\t\t\t\t<\/div>\n\t\t\t\t<div class=\"elementor-element elementor-element-673d732 elementor-widget elementor-widget-image\" data-id=\"673d732\" data-element_type=\"widget\" data-widget_type=\"image.default\">\n\t\t\t\t<div class=\"elementor-widget-container\">\n\t\t\t\t\t\t\t\t\t\t\t\t\t\t\t<img fetchpriority=\"high\" decoding=\"async\" width=\"536\" height=\"714\" src=\"https:\/\/www.volf.fr\/wp-content\/uploads\/2025\/03\/a-la-boulangerie.png\" class=\"attachment-large size-large wp-image-11113\" alt=\"A La Boulangerie\" srcset=\"https:\/\/www.volf.fr\/wp-content\/uploads\/2025\/03\/a-la-boulangerie.png 536w, https:\/\/www.volf.fr\/wp-content\/uploads\/2025\/03\/a-la-boulangerie-225x300.png 225w, https:\/\/www.volf.fr\/wp-content\/uploads\/2025\/03\/a-la-boulangerie-9x12.png 9w\" sizes=\"(max-width: 536px) 100vw, 536px\" \/>\t\t\t\t\t\t\t\t\t\t\t\t\t\t\t<\/div>\n\t\t\t\t<\/div>\n\t\t\t\t\t<\/div>\n\t\t<\/div>\n\t\t\t\t\t<\/div>\n\t\t<\/section>\n\t\t\t\t<section class=\"elementor-section elementor-top-section elementor-element elementor-element-cd0bfdc elementor-section-boxed elementor-section-height-default elementor-section-height-default wpr-particle-no wpr-jarallax-no wpr-parallax-no wpr-sticky-section-no\" data-id=\"cd0bfdc\" data-element_type=\"section\" data-settings=\"{&quot;_ha_eqh_enable&quot;:false}\">\n\t\t\t\t\t\t<div class=\"elementor-container elementor-column-gap-default\">\n\t\t\t\t\t<div class=\"elementor-column elementor-col-100 elementor-top-column elementor-element elementor-element-80fad1a\" data-id=\"80fad1a\" data-element_type=\"column\">\n\t\t\t<div class=\"elementor-widget-wrap elementor-element-populated\">\n\t\t\t\t\t\t<div class=\"elementor-element elementor-element-c06e4a9 elementor-widget elementor-widget-heading\" data-id=\"c06e4a9\" data-element_type=\"widget\" data-widget_type=\"heading.default\">\n\t\t\t\t<div class=\"elementor-widget-container\">\n\t\t\t\t\t<h2 class=\"elementor-heading-title elementor-size-default\">Manon, Gavotte<\/h2>\t\t\t\t<\/div>\n\t\t\t\t<\/div>\n\t\t\t\t<div class=\"elementor-element elementor-element-749c7e4 elementor-widget elementor-widget-text-editor\" data-id=\"749c7e4\" data-element_type=\"widget\" data-widget_type=\"text-editor.default\">\n\t\t\t\t<div class=\"elementor-widget-container\">\n\t\t\t\t\t\t\t\t\t<p>Parl\u00e9<\/p><p><audio class=\"wp-audio-shortcode\" id=\"audio-11111-3\" preload=\"none\" style=\"width: 100%;\" controls=\"controls\"><source type=\"audio\/mpeg\" src=\"https:\/\/www.volf.fr\/wp-content\/uploads\/2025\/03\/gavotte-refrain.m4a?_=3\" \/><a href=\"https:\/\/www.volf.fr\/wp-content\/uploads\/2025\/03\/gavotte-refrain.m4a\">https:\/\/www.volf.fr\/wp-content\/uploads\/2025\/03\/gavotte-refrain.m4a<\/a><\/audio><\/p><p>Chant\u00e9 sur une note<\/p><p><audio class=\"wp-audio-shortcode\" id=\"audio-11111-4\" preload=\"none\" style=\"width: 100%;\" controls=\"controls\"><source type=\"audio\/mpeg\" src=\"https:\/\/www.volf.fr\/wp-content\/uploads\/2025\/03\/gavotte-refrain-une-note-2.m4a?_=4\" \/><a href=\"https:\/\/www.volf.fr\/wp-content\/uploads\/2025\/03\/gavotte-refrain-une-note-2.m4a\">https:\/\/www.volf.fr\/wp-content\/uploads\/2025\/03\/gavotte-refrain-une-note-2.m4a<\/a><\/audio><\/p>\t\t\t\t\t\t\t\t<\/div>\n\t\t\t\t<\/div>\n\t\t\t\t<div class=\"elementor-element elementor-element-8f55d43 elementor-widget elementor-widget-image\" data-id=\"8f55d43\" data-element_type=\"widget\" data-widget_type=\"image.default\">\n\t\t\t\t<div class=\"elementor-widget-container\">\n\t\t\t\t\t\t\t\t\t\t\t\t\t\t\t<img decoding=\"async\" width=\"550\" height=\"550\" src=\"https:\/\/www.volf.fr\/wp-content\/uploads\/2025\/03\/Gavotte.png\" class=\"attachment-large size-large wp-image-11120\" alt=\"Gavotte\" srcset=\"https:\/\/www.volf.fr\/wp-content\/uploads\/2025\/03\/Gavotte.png 550w, https:\/\/www.volf.fr\/wp-content\/uploads\/2025\/03\/Gavotte-80x80.png 80w, https:\/\/www.volf.fr\/wp-content\/uploads\/2025\/03\/Gavotte-300x300.png 300w, https:\/\/www.volf.fr\/wp-content\/uploads\/2025\/03\/Gavotte-12x12.png 12w, https:\/\/www.volf.fr\/wp-content\/uploads\/2025\/03\/Gavotte-100x100.png 100w\" sizes=\"(max-width: 550px) 100vw, 550px\" \/>\t\t\t\t\t\t\t\t\t\t\t\t\t\t\t<\/div>\n\t\t\t\t<\/div>\n\t\t\t\t<div class=\"elementor-element elementor-element-b0dea3d elementor-widget elementor-widget-video\" data-id=\"b0dea3d\" data-element_type=\"widget\" data-settings=\"{&quot;youtube_url&quot;:&quot;https:\\\/\\\/www.youtube.com\\\/watch?v=5GaunWSg0Wk&quot;,&quot;video_type&quot;:&quot;youtube&quot;,&quot;controls&quot;:&quot;yes&quot;}\" data-widget_type=\"video.default\">\n\t\t\t\t<div class=\"elementor-widget-container\">\n\t\t\t\t\t\t\t<div class=\"elementor-wrapper elementor-open-inline\">\n\t\t\t<div class=\"elementor-video\"><\/div>\t\t<\/div>\n\t\t\t\t\t\t<\/div>\n\t\t\t\t<\/div>\n\t\t\t\t\t<\/div>\n\t\t<\/div>\n\t\t\t\t\t<\/div>\n\t\t<\/section>\n\t\t\t\t<section class=\"elementor-section elementor-top-section elementor-element elementor-element-23a0fd7 elementor-section-boxed elementor-section-height-default elementor-section-height-default wpr-particle-no wpr-jarallax-no wpr-parallax-no wpr-sticky-section-no\" data-id=\"23a0fd7\" data-element_type=\"section\" data-settings=\"{&quot;_ha_eqh_enable&quot;:false}\">\n\t\t\t\t\t\t<div class=\"elementor-container elementor-column-gap-default\">\n\t\t\t\t\t<div class=\"elementor-column elementor-col-100 elementor-top-column elementor-element elementor-element-d9b4ef2\" data-id=\"d9b4ef2\" data-element_type=\"column\">\n\t\t\t<div class=\"elementor-widget-wrap elementor-element-populated\">\n\t\t\t\t\t\t<div class=\"elementor-element elementor-element-3fa90c8 elementor-widget elementor-widget-heading\" data-id=\"3fa90c8\" data-element_type=\"widget\" data-widget_type=\"heading.default\">\n\t\t\t\t<div class=\"elementor-widget-container\">\n\t\t\t\t\t<h2 class=\"elementor-heading-title elementor-size-default\">3. Vent frais vent du matin<\/h2>\t\t\t\t<\/div>\n\t\t\t\t<\/div>\n\t\t\t\t<div class=\"elementor-element elementor-element-dce7d32 elementor-widget elementor-widget-text-editor\" data-id=\"dce7d32\" data-element_type=\"widget\" data-widget_type=\"text-editor.default\">\n\t\t\t\t<div class=\"elementor-widget-container\">\n\t\t\t\t\t\t\t\t\t<p>Parl\u00e9<\/p><p><audio class=\"wp-audio-shortcode\" id=\"audio-11111-5\" preload=\"none\" style=\"width: 100%;\" controls=\"controls\"><source type=\"audio\/mpeg\" src=\"https:\/\/www.volf.fr\/wp-content\/uploads\/2025\/03\/vent-frais-vent-du-matin-parle.m4a?_=5\" \/><a href=\"https:\/\/www.volf.fr\/wp-content\/uploads\/2025\/03\/vent-frais-vent-du-matin-parle.m4a\">https:\/\/www.volf.fr\/wp-content\/uploads\/2025\/03\/vent-frais-vent-du-matin-parle.m4a<\/a><\/audio><\/p><p>\u00a0<\/p>\t\t\t\t\t\t\t\t<\/div>\n\t\t\t\t<\/div>\n\t\t\t\t<div class=\"elementor-element elementor-element-ea7cca6 elementor-widget elementor-widget-image\" data-id=\"ea7cca6\" data-element_type=\"widget\" data-widget_type=\"image.default\">\n\t\t\t\t<div class=\"elementor-widget-container\">\n\t\t\t\t\t\t\t\t\t\t\t\t\t\t\t<img decoding=\"async\" width=\"596\" height=\"428\" src=\"https:\/\/www.volf.fr\/wp-content\/uploads\/2025\/03\/Vent-frais-vent-du-matin.png\" class=\"attachment-large size-large wp-image-11122\" alt=\"Vent Frais Vent Du Matin\" srcset=\"https:\/\/www.volf.fr\/wp-content\/uploads\/2025\/03\/Vent-frais-vent-du-matin.png 596w, https:\/\/www.volf.fr\/wp-content\/uploads\/2025\/03\/Vent-frais-vent-du-matin-300x215.png 300w, https:\/\/www.volf.fr\/wp-content\/uploads\/2025\/03\/Vent-frais-vent-du-matin-18x12.png 18w\" sizes=\"(max-width: 596px) 100vw, 596px\" \/>\t\t\t\t\t\t\t\t\t\t\t\t\t\t\t<\/div>\n\t\t\t\t<\/div>\n\t\t\t\t<div class=\"elementor-element elementor-element-6377e52 elementor-widget elementor-widget-video\" data-id=\"6377e52\" data-element_type=\"widget\" data-settings=\"{&quot;youtube_url&quot;:&quot;https:\\\/\\\/www.youtube.com\\\/watch?v=9HdWAgcbOts&quot;,&quot;video_type&quot;:&quot;youtube&quot;,&quot;controls&quot;:&quot;yes&quot;}\" data-widget_type=\"video.default\">\n\t\t\t\t<div class=\"elementor-widget-container\">\n\t\t\t\t\t\t\t<div class=\"elementor-wrapper elementor-open-inline\">\n\t\t\t<div class=\"elementor-video\"><\/div>\t\t<\/div>\n\t\t\t\t\t\t<\/div>\n\t\t\t\t<\/div>\n\t\t\t\t\t<\/div>\n\t\t<\/div>\n\t\t\t\t\t<\/div>\n\t\t<\/section>\n\t\t\t\t<\/div>","protected":false},"excerpt":{"rendered":"<p>1. \u00ab\u00a0\u00c0 la boulangerie\u00a0\u00bb Parl\u00e9 Chant\u00e9 sur une note Manon, Gavotte Parl\u00e9 Chant\u00e9 sur une note 3. Vent frais vent du matin Parl\u00e9 \u00a0<\/p>","protected":false},"author":1,"featured_media":0,"parent":0,"menu_order":0,"comment_status":"closed","ping_status":"closed","template":"","meta":{"_uag_custom_page_level_css":"","slim_seo":{"title":"Exercices nasales (2) - VOLF \u2013 Voix et Langue Fran\u00e7aise","description":"1. \"\u00c0 la boulangerie\" Parl\u00e9 https:\/\/www.volf.fr\/wp-content\/uploads\/2025\/03\/a-la-boulangerie-parle.m4a Chant\u00e9 sur une note https:\/\/www.volf.fr\/wp-content\/uploads"},"footnotes":""},"class_list":["post-11111","page","type-page","status-publish","hentry"],"yoast_head":"<!-- This site is optimized with the Yoast SEO plugin v26.6 - https:\/\/yoast.com\/wordpress\/plugins\/seo\/ -->\n<title>Exercices nasales (2) - VOLF \u2013 Voix et Langue Fran\u00e7aise<\/title>\n<meta name=\"robots\" content=\"index, follow, max-snippet:-1, max-image-preview:large, max-video-preview:-1\" \/>\n<link rel=\"canonical\" href=\"https:\/\/www.volf.fr\/it\/exercices-nasales-2\/\" \/>\n<meta property=\"og:locale\" content=\"it_IT\" \/>\n<meta property=\"og:type\" content=\"article\" \/>\n<meta property=\"og:title\" content=\"Exercices nasales (2) - VOLF \u2013 Voix et Langue Fran\u00e7aise\" \/>\n<meta property=\"og:description\" content=\"1. \u00ab\u00a0\u00c0 la boulangerie\u00a0\u00bb Parl\u00e9 Chant\u00e9 sur une note Manon, Gavotte Parl\u00e9 Chant\u00e9 sur une note 3. Vent frais vent du matin Parl\u00e9 \u00a0\" \/>\n<meta property=\"og:url\" content=\"https:\/\/www.volf.fr\/it\/exercices-nasales-2\/\" \/>\n<meta property=\"og:site_name\" content=\"VOLF \u2013 Voix et Langue Fran\u00e7aise\" \/>\n<meta property=\"article:modified_time\" content=\"2025-03-11T06:58:40+00:00\" \/>\n<meta property=\"og:image\" content=\"https:\/\/www.volf.fr\/wp-content\/uploads\/2025\/03\/a-la-boulangerie.png\" \/>\n\t<meta property=\"og:image:width\" content=\"536\" \/>\n\t<meta property=\"og:image:height\" content=\"714\" \/>\n\t<meta property=\"og:image:type\" content=\"image\/png\" \/>\n<meta name=\"twitter:card\" content=\"summary_large_image\" \/>\n<meta name=\"twitter:label1\" content=\"Tempo di lettura stimato\" \/>\n\t<meta name=\"twitter:data1\" content=\"1 minuto\" \/>\n<script type=\"application\/ld+json\" class=\"yoast-schema-graph\">{\"@context\":\"https:\/\/schema.org\",\"@graph\":[{\"@type\":\"WebPage\",\"@id\":\"https:\/\/www.volf.fr\/exercices-nasales-2\/\",\"url\":\"https:\/\/www.volf.fr\/exercices-nasales-2\/\",\"name\":\"Exercices nasales (2) - VOLF \u2013 Voix et Langue Fran\u00e7aise\",\"isPartOf\":{\"@id\":\"https:\/\/www.volf.fr\/#website\"},\"primaryImageOfPage\":{\"@id\":\"https:\/\/www.volf.fr\/exercices-nasales-2\/#primaryimage\"},\"image\":{\"@id\":\"https:\/\/www.volf.fr\/exercices-nasales-2\/#primaryimage\"},\"thumbnailUrl\":\"https:\/\/www.volf.fr\/wp-content\/uploads\/2025\/03\/a-la-boulangerie.png\",\"datePublished\":\"2025-03-11T06:25:04+00:00\",\"dateModified\":\"2025-03-11T06:58:40+00:00\",\"breadcrumb\":{\"@id\":\"https:\/\/www.volf.fr\/exercices-nasales-2\/#breadcrumb\"},\"inLanguage\":\"it-IT\",\"potentialAction\":[{\"@type\":\"ReadAction\",\"target\":[\"https:\/\/www.volf.fr\/exercices-nasales-2\/\"]}]},{\"@type\":\"ImageObject\",\"inLanguage\":\"it-IT\",\"@id\":\"https:\/\/www.volf.fr\/exercices-nasales-2\/#primaryimage\",\"url\":\"https:\/\/www.volf.fr\/wp-content\/uploads\/2025\/03\/a-la-boulangerie.png\",\"contentUrl\":\"https:\/\/www.volf.fr\/wp-content\/uploads\/2025\/03\/a-la-boulangerie.png\"},{\"@type\":\"BreadcrumbList\",\"@id\":\"https:\/\/www.volf.fr\/exercices-nasales-2\/#breadcrumb\",\"itemListElement\":[{\"@type\":\"ListItem\",\"position\":1,\"name\":\"Accueil\",\"item\":\"https:\/\/www.volf.fr\/\"},{\"@type\":\"ListItem\",\"position\":2,\"name\":\"Exercices nasales (2)\"}]},{\"@type\":\"WebSite\",\"@id\":\"https:\/\/www.volf.fr\/#website\",\"url\":\"https:\/\/www.volf.fr\/\",\"name\":\"VOLF \u2013 Voix et Langue Fran\u00e7aise\",\"description\":\"\",\"publisher\":{\"@id\":\"https:\/\/www.volf.fr\/#organization\"},\"potentialAction\":[{\"@type\":\"SearchAction\",\"target\":{\"@type\":\"EntryPoint\",\"urlTemplate\":\"https:\/\/www.volf.fr\/?s={search_term_string}\"},\"query-input\":{\"@type\":\"PropertyValueSpecification\",\"valueRequired\":true,\"valueName\":\"search_term_string\"}}],\"inLanguage\":\"it-IT\"},{\"@type\":\"Organization\",\"@id\":\"https:\/\/www.volf.fr\/#organization\",\"name\":\"VOLF \u2013 Voix et Langue Fran\u00e7aise\",\"url\":\"https:\/\/www.volf.fr\/\",\"logo\":{\"@type\":\"ImageObject\",\"inLanguage\":\"it-IT\",\"@id\":\"https:\/\/www.volf.fr\/#\/schema\/logo\/image\/\",\"url\":\"https:\/\/www.volf.fr\/wp-content\/uploads\/2024\/09\/cropped-logo-volf1-2.png\",\"contentUrl\":\"https:\/\/www.volf.fr\/wp-content\/uploads\/2024\/09\/cropped-logo-volf1-2.png\",\"width\":685,\"height\":685,\"caption\":\"VOLF \u2013 Voix et Langue Fran\u00e7aise\"},\"image\":{\"@id\":\"https:\/\/www.volf.fr\/#\/schema\/logo\/image\/\"}}]}<\/script>\n<!-- \/ Yoast SEO plugin. -->","yoast_head_json":{"title":"Exercices nasales (2) - VOLF \u2013 Voix et Langue Fran\u00e7aise","robots":{"index":"index","follow":"follow","max-snippet":"max-snippet:-1","max-image-preview":"max-image-preview:large","max-video-preview":"max-video-preview:-1"},"canonical":"https:\/\/www.volf.fr\/it\/exercices-nasales-2\/","og_locale":"it_IT","og_type":"article","og_title":"Exercices nasales (2) - VOLF \u2013 Voix et Langue Fran\u00e7aise","og_description":"1. \u00ab\u00a0\u00c0 la boulangerie\u00a0\u00bb Parl\u00e9 Chant\u00e9 sur une note Manon, Gavotte Parl\u00e9 Chant\u00e9 sur une note 3. Vent frais vent du matin Parl\u00e9 \u00a0","og_url":"https:\/\/www.volf.fr\/it\/exercices-nasales-2\/","og_site_name":"VOLF \u2013 Voix et Langue Fran\u00e7aise","article_modified_time":"2025-03-11T06:58:40+00:00","og_image":[{"width":536,"height":714,"url":"https:\/\/www.volf.fr\/wp-content\/uploads\/2025\/03\/a-la-boulangerie.png","type":"image\/png"}],"twitter_card":"summary_large_image","twitter_misc":{"Tempo di lettura stimato":"1 minuto"},"schema":{"@context":"https:\/\/schema.org","@graph":[{"@type":"WebPage","@id":"https:\/\/www.volf.fr\/exercices-nasales-2\/","url":"https:\/\/www.volf.fr\/exercices-nasales-2\/","name":"Exercices nasales (2) - VOLF \u2013 Voix et Langue Fran\u00e7aise","isPartOf":{"@id":"https:\/\/www.volf.fr\/#website"},"primaryImageOfPage":{"@id":"https:\/\/www.volf.fr\/exercices-nasales-2\/#primaryimage"},"image":{"@id":"https:\/\/www.volf.fr\/exercices-nasales-2\/#primaryimage"},"thumbnailUrl":"https:\/\/www.volf.fr\/wp-content\/uploads\/2025\/03\/a-la-boulangerie.png","datePublished":"2025-03-11T06:25:04+00:00","dateModified":"2025-03-11T06:58:40+00:00","breadcrumb":{"@id":"https:\/\/www.volf.fr\/exercices-nasales-2\/#breadcrumb"},"inLanguage":"it-IT","potentialAction":[{"@type":"ReadAction","target":["https:\/\/www.volf.fr\/exercices-nasales-2\/"]}]},{"@type":"ImageObject","inLanguage":"it-IT","@id":"https:\/\/www.volf.fr\/exercices-nasales-2\/#primaryimage","url":"https:\/\/www.volf.fr\/wp-content\/uploads\/2025\/03\/a-la-boulangerie.png","contentUrl":"https:\/\/www.volf.fr\/wp-content\/uploads\/2025\/03\/a-la-boulangerie.png"},{"@type":"BreadcrumbList","@id":"https:\/\/www.volf.fr\/exercices-nasales-2\/#breadcrumb","itemListElement":[{"@type":"ListItem","position":1,"name":"Accueil","item":"https:\/\/www.volf.fr\/"},{"@type":"ListItem","position":2,"name":"Exercices nasales (2)"}]},{"@type":"WebSite","@id":"https:\/\/www.volf.fr\/#website","url":"https:\/\/www.volf.fr\/","name":"VOLF \u2013 Voix et Langue Fran\u00e7aise","description":"","publisher":{"@id":"https:\/\/www.volf.fr\/#organization"},"potentialAction":[{"@type":"SearchAction","target":{"@type":"EntryPoint","urlTemplate":"https:\/\/www.volf.fr\/?s={search_term_string}"},"query-input":{"@type":"PropertyValueSpecification","valueRequired":true,"valueName":"search_term_string"}}],"inLanguage":"it-IT"},{"@type":"Organization","@id":"https:\/\/www.volf.fr\/#organization","name":"VOLF \u2013 Voix et Langue Fran\u00e7aise","url":"https:\/\/www.volf.fr\/","logo":{"@type":"ImageObject","inLanguage":"it-IT","@id":"https:\/\/www.volf.fr\/#\/schema\/logo\/image\/","url":"https:\/\/www.volf.fr\/wp-content\/uploads\/2024\/09\/cropped-logo-volf1-2.png","contentUrl":"https:\/\/www.volf.fr\/wp-content\/uploads\/2024\/09\/cropped-logo-volf1-2.png","width":685,"height":685,"caption":"VOLF \u2013 Voix et Langue Fran\u00e7aise"},"image":{"@id":"https:\/\/www.volf.fr\/#\/schema\/logo\/image\/"}}]}},"uagb_featured_image_src":{"full":false,"thumbnail":false,"medium":false,"medium_large":false,"large":false,"1536x1536":false,"2048x2048":false,"trp-custom-language-flag":false,"woocommerce_thumbnail":false,"woocommerce_single":false,"woocommerce_gallery_thumbnail":false},"uagb_author_info":{"display_name":"Eymat\u00e0","author_link":"https:\/\/www.volf.fr\/it\/author\/aimata\/"},"uagb_comment_info":0,"uagb_excerpt":"1. \u00ab\u00a0\u00c0 la boulangerie\u00a0\u00bb Parl\u00e9 Chant\u00e9 sur une note Manon, Gavotte Parl\u00e9 Chant\u00e9 sur une note 3. Vent frais vent du matin Parl\u00e9 \u00a0","_links":{"self":[{"href":"https:\/\/www.volf.fr\/it\/wp-json\/wp\/v2\/pages\/11111","targetHints":{"allow":["GET"]}}],"collection":[{"href":"https:\/\/www.volf.fr\/it\/wp-json\/wp\/v2\/pages"}],"about":[{"href":"https:\/\/www.volf.fr\/it\/wp-json\/wp\/v2\/types\/page"}],"author":[{"embeddable":true,"href":"https:\/\/www.volf.fr\/it\/wp-json\/wp\/v2\/users\/1"}],"replies":[{"embeddable":true,"href":"https:\/\/www.volf.fr\/it\/wp-json\/wp\/v2\/comments?post=11111"}],"version-history":[{"count":7,"href":"https:\/\/www.volf.fr\/it\/wp-json\/wp\/v2\/pages\/11111\/revisions"}],"predecessor-version":[{"id":11129,"href":"https:\/\/www.volf.fr\/it\/wp-json\/wp\/v2\/pages\/11111\/revisions\/11129"}],"wp:attachment":[{"href":"https:\/\/www.volf.fr\/it\/wp-json\/wp\/v2\/media?parent=11111"}],"curies":[{"name":"wp","href":"https:\/\/api.w.org\/{rel}","templated":true}]}}