{"id":6074,"date":"2020-06-26T01:11:23","date_gmt":"2020-06-25T23:11:23","guid":{"rendered":"https:\/\/www.volf.fr\/?page_id=6074"},"modified":"2024-10-25T17:32:32","modified_gmt":"2024-10-25T15:32:32","slug":"examens-et-concours","status":"publish","type":"page","link":"http:\/\/www.volf.fr\/it\/examens-et-concours\/","title":{"rendered":"Examens et concours"},"content":{"rendered":"<div data-elementor-type=\"wp-page\" data-elementor-id=\"6074\" class=\"elementor elementor-6074\" data-elementor-settings=\"{&quot;ha_cmc_init_switcher&quot;:&quot;no&quot;}\">\n\t\t\t\t\t\t<section class=\"elementor-section elementor-top-section elementor-element elementor-element-3d74f78 elementor-section-boxed elementor-section-height-default elementor-section-height-default wpr-particle-no wpr-jarallax-no wpr-parallax-no wpr-sticky-section-no\" data-id=\"3d74f78\" data-element_type=\"section\" data-settings=\"{&quot;_ha_eqh_enable&quot;:false}\">\n\t\t\t\t\t\t<div class=\"elementor-container elementor-column-gap-default\">\n\t\t\t\t\t<div class=\"elementor-column elementor-col-100 elementor-top-column elementor-element elementor-element-ce66486\" data-id=\"ce66486\" data-element_type=\"column\">\n\t\t\t<div class=\"elementor-widget-wrap elementor-element-populated\">\n\t\t\t\t\t\t<div class=\"elementor-element elementor-element-cee4807 elementor-widget elementor-widget-heading\" data-id=\"cee4807\" data-element_type=\"widget\" data-widget_type=\"heading.default\">\n\t\t\t\t<div class=\"elementor-widget-container\">\n\t\t\t\t\t<h2 class=\"elementor-heading-title elementor-size-default\">Esami, Colloqui di lavoro e Progetti professionali<\/h2>\t\t\t\t<\/div>\n\t\t\t\t<\/div>\n\t\t\t\t<div class=\"elementor-element elementor-element-ada2bb5 elementor-widget elementor-widget-text-editor\" data-id=\"ada2bb5\" data-element_type=\"widget\" data-widget_type=\"text-editor.default\">\n\t\t\t\t<div class=\"elementor-widget-container\">\n\t\t\t\t\t\t\t\t\t<p style=\"text-align: justify;\" class=\"translation-block\"><a href=\"https:\/\/www.volf.fr\/wp-content\/uploads\/2020\/06\/DELF-DALF.png\" target=\"_self\"><img class=\"alignright\" src=\"https:\/\/www.volf.fr\/wp-content\/uploads\/2020\/06\/DELF-DALF.png\" alt=\"\" width=\"200\" height=\"187\"><\/a>Vuoi ottenere un diploma internazionale di lingua francese? Devi <strong>sostenere degli esami <\/strong>di francese? Ti stai preparando per un colloquio di lavoro? Devi presentare un <strong>progetto professionale<\/strong>?<\/p>\n<p style=\"text-align: justify;\" class=\"translation-block\">A\u00efmata Guillain \u00e8 membro della commissione d\u2019esame per i <b>diplomi internazionali<\/b> di lingua francese DELF-DALF, per i quali ha tenuto numerosi corsi di preparazione all\u2019Istituto francese di Roma.<\/p>\n<p style=\"text-align: justify;\" class=\"translation-block\">\u00c8 specializzata nella preparazione di colloqui di lavoro dalla A alla Z: redazione del CV, lettera di candidatura, presentazione di progetti.<\/p>\n<p style=\"text-align: justify;\" class=\"translation-block\"><strong>Affida la tua preparazione a una docente esperta <\/strong>che conosce le modalit\u00e0 dell'esame e fornisce gli strumenti e le strategie per raggiungere il tuo obiettivo. Ottimizza il tempo dedicato e assicurati il successo. <strong>Questo sar\u00e0 la tua carta vincente<\/strong>.<\/p>\t\t\t\t\t\t\t\t<\/div>\n\t\t\t\t<\/div>\n\t\t\t\t\t<\/div>\n\t\t<\/div>\n\t\t\t\t\t<\/div>\n\t\t<\/section>\n\t\t\t\t<section class=\"elementor-section elementor-top-section elementor-element elementor-element-58f1a92 elementor-section-boxed elementor-section-height-default elementor-section-height-default wpr-particle-no wpr-jarallax-no wpr-parallax-no wpr-sticky-section-no\" data-id=\"58f1a92\" data-element_type=\"section\" data-settings=\"{&quot;_ha_eqh_enable&quot;:false}\">\n\t\t\t\t\t\t<div class=\"elementor-container elementor-column-gap-default\">\n\t\t\t\t\t<div class=\"elementor-column elementor-col-100 elementor-top-column elementor-element elementor-element-6fe5d33\" data-id=\"6fe5d33\" data-element_type=\"column\">\n\t\t\t<div class=\"elementor-widget-wrap\">\n\t\t\t\t\t\t\t<\/div>\n\t\t<\/div>\n\t\t\t\t\t<\/div>\n\t\t<\/section>\n\t\t\t\t<section class=\"elementor-section elementor-top-section elementor-element elementor-element-381340c elementor-section-boxed elementor-section-height-default elementor-section-height-default wpr-particle-no wpr-jarallax-no wpr-parallax-no wpr-sticky-section-no\" data-id=\"381340c\" data-element_type=\"section\" data-settings=\"{&quot;_ha_eqh_enable&quot;:false}\">\n\t\t\t\t\t\t<div class=\"elementor-container elementor-column-gap-default\">\n\t\t\t\t\t<div class=\"elementor-column elementor-col-100 elementor-top-column elementor-element elementor-element-f544778\" data-id=\"f544778\" data-element_type=\"column\">\n\t\t\t<div class=\"elementor-widget-wrap elementor-element-populated\">\n\t\t\t\t\t\t<div class=\"elementor-element elementor-element-5c35131 elementor-widget elementor-widget-spacer\" data-id=\"5c35131\" data-element_type=\"widget\" data-widget_type=\"spacer.default\">\n\t\t\t\t<div class=\"elementor-widget-container\">\n\t\t\t\t\t\t\t<div class=\"elementor-spacer\">\n\t\t\t<div class=\"elementor-spacer-inner\"><\/div>\n\t\t<\/div>\n\t\t\t\t\t\t<\/div>\n\t\t\t\t<\/div>\n\t\t\t\t<div class=\"elementor-element elementor-element-9ecb8d7 elementor-widget elementor-widget-heading\" data-id=\"9ecb8d7\" data-element_type=\"widget\" data-widget_type=\"heading.default\">\n\t\t\t\t<div class=\"elementor-widget-container\">\n\t\t\t\t\t<h3 class=\"elementor-heading-title elementor-size-default\">Esperienza didattica del francese come lingua straniera<\/h3>\t\t\t\t<\/div>\n\t\t\t\t<\/div>\n\t\t\t\t<div class=\"elementor-element elementor-element-f100d87 elementor-widget elementor-widget-spacer\" data-id=\"f100d87\" data-element_type=\"widget\" data-widget_type=\"spacer.default\">\n\t\t\t\t<div class=\"elementor-widget-container\">\n\t\t\t\t\t\t\t<div class=\"elementor-spacer\">\n\t\t\t<div class=\"elementor-spacer-inner\"><\/div>\n\t\t<\/div>\n\t\t\t\t\t\t<\/div>\n\t\t\t\t<\/div>\n\t\t\t\t<div class=\"elementor-element elementor-element-9690b64 elementor-widget elementor-widget-text-editor\" data-id=\"9690b64\" data-element_type=\"widget\" data-widget_type=\"text-editor.default\">\n\t\t\t\t<div class=\"elementor-widget-container\">\n\t\t\t\t\t\t\t\t\t<div><div><p style=\"text-align: justify;\">Docente presso l'Institut fran\u00e7ais di Roma per 18 anni, A\u00efmata Guillain ha esercitato nei seguenti contesti:<\/p><\/div><\/div>\t\t\t\t\t\t\t\t<\/div>\n\t\t\t\t<\/div>\n\t\t\t\t<section class=\"elementor-section elementor-inner-section elementor-element elementor-element-693efa9 elementor-section-boxed elementor-section-height-default elementor-section-height-default wpr-particle-no wpr-jarallax-no wpr-parallax-no wpr-sticky-section-no\" data-id=\"693efa9\" data-element_type=\"section\" data-settings=\"{&quot;_ha_eqh_enable&quot;:false}\">\n\t\t\t\t\t\t<div class=\"elementor-container elementor-column-gap-default\">\n\t\t\t\t\t<div class=\"elementor-column elementor-col-33 elementor-inner-column elementor-element elementor-element-f100623\" data-id=\"f100623\" data-element_type=\"column\">\n\t\t\t<div class=\"elementor-widget-wrap elementor-element-populated\">\n\t\t\t\t\t\t<div class=\"elementor-element elementor-element-60fba9e elementor-widget elementor-widget-text-editor\" data-id=\"60fba9e\" data-element_type=\"widget\" data-widget_type=\"text-editor.default\">\n\t\t\t\t<div class=\"elementor-widget-container\">\n\t\t\t\t\t\t\t\t\t<p style=\"text-align: justify;\">Institut fran\u00e7ais &#8211; Centre Saint-Louis:<\/p><ul><li style=\"text-align: justify;\">Corsi collettivi di lingua e cultura francese; preparazione agli esami DELF-DALF;<\/li><li style=\"text-align: justify;\">Corsi individuali specializzati; preparazione per colloqui di assunzione, lettere di presentazione, redazione del CV, sensibilizzazione interculturale;<\/li><li style=\"text-align: justify;\">Corsi di fonetica e corsi di formazione per i professori dell\u2019Istituto francese e dei licei italiani in didattica della fonetica.<\/li><\/ul>\t\t\t\t\t\t\t\t<\/div>\n\t\t\t\t<\/div>\n\t\t\t\t\t<\/div>\n\t\t<\/div>\n\t\t\t\t<div class=\"elementor-column elementor-col-33 elementor-inner-column elementor-element elementor-element-939b9e3\" data-id=\"939b9e3\" data-element_type=\"column\">\n\t\t\t<div class=\"elementor-widget-wrap\">\n\t\t\t\t\t\t\t<\/div>\n\t\t<\/div>\n\t\t\t\t<div class=\"elementor-column elementor-col-33 elementor-inner-column elementor-element elementor-element-200627a\" data-id=\"200627a\" data-element_type=\"column\">\n\t\t\t<div class=\"elementor-widget-wrap elementor-element-populated\">\n\t\t\t\t\t\t<div class=\"elementor-element elementor-element-352dd4e elementor-widget elementor-widget-text-editor\" data-id=\"352dd4e\" data-element_type=\"widget\" data-widget_type=\"text-editor.default\">\n\t\t\t\t<div class=\"elementor-widget-container\">\n\t\t\t\t\t\t\t\t\t<p style=\"text-align: justify;\">Altri sedi:<\/p><ul><li style=\"text-align: justify;\">Senato della Repubblica Italiana, Presidenza del Consiglio dei Ministri, Ministero degli Affari Esteri: preparazione in lingua francese di discorsi ufficiali, redazione di lettere formali, traduzione di articoli e conferenze, ecc.<\/li><li style=\"text-align: justify;\">Universit\u00e0 LUISS Guido Carli, sezioni Scienze Politiche, Diritto ed Economia: preparazione per gli esami universitari di lingua francese.<\/li><li style=\"text-align: justify;\">Universit\u00e0 Pontificia del Laterano: francese specializzato in diritto canonico e filosofia.<\/li><li style=\"text-align: justify;\">Pontificia Accademia Ecclesiastica: francese specializzato per l'esercizio del sacerdozio.<\/li><\/ul>\t\t\t\t\t\t\t\t<\/div>\n\t\t\t\t<\/div>\n\t\t\t\t\t<\/div>\n\t\t<\/div>\n\t\t\t\t\t<\/div>\n\t\t<\/section>\n\t\t\t\t\t<\/div>\n\t\t<\/div>\n\t\t\t\t\t<\/div>\n\t\t<\/section>\n\t\t\t\t<section class=\"elementor-section elementor-top-section elementor-element elementor-element-99477a7 elementor-section-boxed elementor-section-height-default elementor-section-height-default wpr-particle-no wpr-jarallax-no wpr-parallax-no wpr-sticky-section-no\" data-id=\"99477a7\" data-element_type=\"section\" data-settings=\"{&quot;_ha_eqh_enable&quot;:false}\">\n\t\t\t\t\t\t<div class=\"elementor-container elementor-column-gap-default\">\n\t\t\t\t\t<div class=\"elementor-column elementor-col-16 elementor-top-column elementor-element elementor-element-c64dd24\" data-id=\"c64dd24\" data-element_type=\"column\">\n\t\t\t<div class=\"elementor-widget-wrap\">\n\t\t\t\t\t\t\t<\/div>\n\t\t<\/div>\n\t\t\t\t<div class=\"elementor-column elementor-col-66 elementor-top-column elementor-element elementor-element-dcfde1e\" data-id=\"dcfde1e\" data-element_type=\"column\">\n\t\t\t<div class=\"elementor-widget-wrap elementor-element-populated\">\n\t\t\t\t\t\t<div class=\"elementor-element elementor-element-da2a5f2 elementor-widget elementor-widget-heading\" data-id=\"da2a5f2\" data-element_type=\"widget\" data-widget_type=\"heading.default\">\n\t\t\t\t<div class=\"elementor-widget-container\">\n\t\t\t\t\t<h3 class=\"elementor-heading-title elementor-size-default\">Collaborazioni e Partnership<\/h3>\t\t\t\t<\/div>\n\t\t\t\t<\/div>\n\t\t\t\t<div class=\"elementor-element elementor-element-066ad45 elementor-widget elementor-widget-image\" data-id=\"066ad45\" data-element_type=\"widget\" data-widget_type=\"image.default\">\n\t\t\t\t<div class=\"elementor-widget-container\">\n\t\t\t\t\t\t\t\t\t\t\t\t\t\t\t<img fetchpriority=\"high\" decoding=\"async\" width=\"843\" height=\"608\" src=\"https:\/\/www.volf.fr\/wp-content\/uploads\/2020\/06\/enseignement-logos6-1030x743.png\" class=\"attachment-large size-large wp-image-5856\" alt=\"Enseignement logos6\" srcset=\"https:\/\/www.volf.fr\/wp-content\/uploads\/2020\/06\/enseignement-logos6-1030x743.png 1030w, https:\/\/www.volf.fr\/wp-content\/uploads\/2020\/06\/enseignement-logos6-18x12.png 18w, https:\/\/www.volf.fr\/wp-content\/uploads\/2020\/06\/enseignement-logos6-300x216.png 300w, https:\/\/www.volf.fr\/wp-content\/uploads\/2020\/06\/enseignement-logos6-768x554.png 768w, https:\/\/www.volf.fr\/wp-content\/uploads\/2020\/06\/enseignement-logos6-1536x1108.png 1536w, https:\/\/www.volf.fr\/wp-content\/uploads\/2020\/06\/enseignement-logos6-600x433.png 600w, https:\/\/www.volf.fr\/wp-content\/uploads\/2020\/06\/enseignement-logos6.png 2048w\" sizes=\"(max-width: 843px) 100vw, 843px\" \/>\t\t\t\t\t\t\t\t\t\t\t\t\t\t\t<\/div>\n\t\t\t\t<\/div>\n\t\t\t\t<div class=\"elementor-element elementor-element-8988e1c elementor-widget elementor-widget-spacer\" data-id=\"8988e1c\" data-element_type=\"widget\" data-widget_type=\"spacer.default\">\n\t\t\t\t<div class=\"elementor-widget-container\">\n\t\t\t\t\t\t\t<div class=\"elementor-spacer\">\n\t\t\t<div class=\"elementor-spacer-inner\"><\/div>\n\t\t<\/div>\n\t\t\t\t\t\t<\/div>\n\t\t\t\t<\/div>\n\t\t\t\t\t<\/div>\n\t\t<\/div>\n\t\t\t\t<div class=\"elementor-column elementor-col-16 elementor-top-column elementor-element elementor-element-6fe5db1\" data-id=\"6fe5db1\" data-element_type=\"column\">\n\t\t\t<div class=\"elementor-widget-wrap\">\n\t\t\t\t\t\t\t<\/div>\n\t\t<\/div>\n\t\t\t\t\t<\/div>\n\t\t<\/section>\n\t\t\t\t<section class=\"elementor-section elementor-top-section elementor-element elementor-element-24f31191 elementor-section-boxed elementor-section-height-default elementor-section-height-default wpr-particle-no wpr-jarallax-no wpr-parallax-no wpr-sticky-section-no\" data-id=\"24f31191\" data-element_type=\"section\" data-settings=\"{&quot;_ha_eqh_enable&quot;:false}\">\n\t\t\t\t\t\t<div class=\"elementor-container elementor-column-gap-default\">\n\t\t\t\t\t<div class=\"elementor-column elementor-col-100 elementor-top-column elementor-element elementor-element-66324131\" data-id=\"66324131\" data-element_type=\"column\">\n\t\t\t<div class=\"elementor-widget-wrap elementor-element-populated\">\n\t\t\t\t\t\t<div class=\"elementor-element elementor-element-6376306b elementor-widget elementor-widget-testimonial\" data-id=\"6376306b\" data-element_type=\"widget\" data-widget_type=\"testimonial.default\">\n\t\t\t\t<div class=\"elementor-widget-container\">\n\t\t\t\t\t\t\t<div class=\"elementor-testimonial-wrapper\">\n\t\t\t\t\t\t\t<div class=\"elementor-testimonial-content\">Chiedi un appuntamento gratuito online per una prima valutazione e un orientamento sulla preparazione <\/div>\n\t\t\t\n\t\t\t\t\t\t<div class=\"elementor-testimonial-meta elementor-has-image elementor-testimonial-image-position-top\">\n\t\t\t\t<div class=\"elementor-testimonial-meta-inner\">\n\t\t\t\t\t\t\t\t\t\t\t<div class=\"elementor-testimonial-image\">\n\t\t\t\t\t\t\t<a href=\"https:\/\/www.volf.fr\/it\/contact\/\"><img decoding=\"async\" width=\"1677\" height=\"1677\" src=\"https:\/\/www.volf.fr\/wp-content\/uploads\/2020\/06\/5K9A0734-copie.jpg\" class=\"attachment-full size-full wp-image-6011\" alt=\"5K9A0734 copie\" srcset=\"https:\/\/www.volf.fr\/wp-content\/uploads\/2020\/06\/5K9A0734-copie.jpg 1677w, https:\/\/www.volf.fr\/wp-content\/uploads\/2020\/06\/5K9A0734-copie-12x12.jpg 12w, https:\/\/www.volf.fr\/wp-content\/uploads\/2020\/06\/5K9A0734-copie-80x80.jpg 80w, https:\/\/www.volf.fr\/wp-content\/uploads\/2020\/06\/5K9A0734-copie-300x300.jpg 300w, https:\/\/www.volf.fr\/wp-content\/uploads\/2020\/06\/5K9A0734-copie-768x768.jpg 768w, https:\/\/www.volf.fr\/wp-content\/uploads\/2020\/06\/5K9A0734-copie-1030x1030.jpg 1030w, https:\/\/www.volf.fr\/wp-content\/uploads\/2020\/06\/5K9A0734-copie-1536x1536.jpg 1536w, https:\/\/www.volf.fr\/wp-content\/uploads\/2020\/06\/5K9A0734-copie-600x600.jpg 600w, https:\/\/www.volf.fr\/wp-content\/uploads\/2020\/06\/5K9A0734-copie-100x100.jpg 100w\" sizes=\"(max-width: 1677px) 100vw, 1677px\" \/><\/a>\t\t\t\t\t\t<\/div>\n\t\t\t\t\t\n\t\t\t\t\t\t\t\t\t<\/div>\n\t\t\t<\/div>\n\t\t\t\t\t<\/div>\n\t\t\t\t\t\t<\/div>\n\t\t\t\t<\/div>\n\t\t\t\t<div class=\"elementor-element elementor-element-2642f835 elementor-align-center elementor-widget elementor-widget-button\" data-id=\"2642f835\" data-element_type=\"widget\" data-widget_type=\"button.default\">\n\t\t\t\t<div class=\"elementor-widget-container\">\n\t\t\t\t\t\t\t\t\t<div class=\"elementor-button-wrapper\">\n\t\t\t\t\t<a class=\"elementor-button elementor-button-link elementor-size-sm\" href=\"https:\/\/www.volf.fr\/it\/contact\/\">\n\t\t\t\t\t\t<span class=\"elementor-button-content-wrapper\">\n\t\t\t\t\t\t\t\t\t<span class=\"elementor-button-text\">Contattare A\u00efmata Guillain<\/span>\n\t\t\t\t\t<\/span>\n\t\t\t\t\t<\/a>\n\t\t\t\t<\/div>\n\t\t\t\t\t\t\t\t<\/div>\n\t\t\t\t<\/div>\n\t\t\t\t<div class=\"elementor-element elementor-element-2928620 elementor-widget elementor-widget-spacer\" data-id=\"2928620\" data-element_type=\"widget\" data-widget_type=\"spacer.default\">\n\t\t\t\t<div class=\"elementor-widget-container\">\n\t\t\t\t\t\t\t<div class=\"elementor-spacer\">\n\t\t\t<div class=\"elementor-spacer-inner\"><\/div>\n\t\t<\/div>\n\t\t\t\t\t\t<\/div>\n\t\t\t\t<\/div>\n\t\t\t\t\t<\/div>\n\t\t<\/div>\n\t\t\t\t\t<\/div>\n\t\t<\/section>\n\t\t\t\t<\/div>","protected":false},"excerpt":{"rendered":"<p>Examens, candidatures et projets professionnels Vous souhaitez obtenir un dipl\u00f4me international de langue fran\u00e7aise? Vous devez passer des examens en fran\u00e7ais? Vous pr\u00e9parez un entretien&hellip;<\/p>","protected":false},"author":1,"featured_media":0,"parent":0,"menu_order":0,"comment_status":"closed","ping_status":"closed","template":"","meta":{"_uag_custom_page_level_css":"","slim_seo":{"title":"Examens et concours - VOLF \u2013 Voix et Langue Fran\u00e7aise","description":"Examens, candidatures et projets professionnels Vous souhaitez obtenir un dipl\u00f4me international de langue fran\u00e7aise? Vous devez passer des examens en fran\u00e7ais?"},"footnotes":""},"class_list":["post-6074","page","type-page","status-publish","hentry"],"yoast_head":"<!-- This site is optimized with the Yoast SEO plugin v26.6 - https:\/\/yoast.com\/wordpress\/plugins\/seo\/ -->\n<title>Examens et concours - VOLF \u2013 Voix et Langue Fran\u00e7aise<\/title>\n<meta name=\"robots\" content=\"index, follow, max-snippet:-1, max-image-preview:large, max-video-preview:-1\" \/>\n<link rel=\"canonical\" href=\"https:\/\/www.volf.fr\/it\/examens-et-concours\/\" \/>\n<meta property=\"og:locale\" content=\"it_IT\" \/>\n<meta property=\"og:type\" content=\"article\" \/>\n<meta property=\"og:title\" content=\"Examens et concours - VOLF \u2013 Voix et Langue Fran\u00e7aise\" \/>\n<meta property=\"og:description\" content=\"Examens, candidatures et projets professionnels Vous souhaitez obtenir un dipl\u00f4me international de langue fran\u00e7aise? Vous devez passer des examens en fran\u00e7ais? Vous pr\u00e9parez un entretien&hellip;\" \/>\n<meta property=\"og:url\" content=\"https:\/\/www.volf.fr\/it\/examens-et-concours\/\" \/>\n<meta property=\"og:site_name\" content=\"VOLF \u2013 Voix et Langue Fran\u00e7aise\" \/>\n<meta property=\"article:modified_time\" content=\"2024-10-25T15:32:32+00:00\" \/>\n<meta property=\"og:image\" content=\"https:\/\/www.volf.fr\/wp-content\/uploads\/2020\/06\/DELF-DALF.png\" \/>\n<meta name=\"twitter:card\" content=\"summary_large_image\" \/>\n<meta name=\"twitter:label1\" content=\"Tempo di lettura stimato\" \/>\n\t<meta name=\"twitter:data1\" content=\"2 minuti\" \/>\n<script type=\"application\/ld+json\" class=\"yoast-schema-graph\">{\"@context\":\"https:\/\/schema.org\",\"@graph\":[{\"@type\":\"WebPage\",\"@id\":\"https:\/\/www.volf.fr\/examens-et-concours\/\",\"url\":\"https:\/\/www.volf.fr\/examens-et-concours\/\",\"name\":\"Examens et concours - VOLF \u2013 Voix et Langue Fran\u00e7aise\",\"isPartOf\":{\"@id\":\"https:\/\/www.volf.fr\/#website\"},\"primaryImageOfPage\":{\"@id\":\"https:\/\/www.volf.fr\/examens-et-concours\/#primaryimage\"},\"image\":{\"@id\":\"https:\/\/www.volf.fr\/examens-et-concours\/#primaryimage\"},\"thumbnailUrl\":\"https:\/\/www.volf.fr\/wp-content\/uploads\/2020\/06\/DELF-DALF.png\",\"datePublished\":\"2020-06-25T23:11:23+00:00\",\"dateModified\":\"2024-10-25T15:32:32+00:00\",\"breadcrumb\":{\"@id\":\"https:\/\/www.volf.fr\/examens-et-concours\/#breadcrumb\"},\"inLanguage\":\"it-IT\",\"potentialAction\":[{\"@type\":\"ReadAction\",\"target\":[\"https:\/\/www.volf.fr\/examens-et-concours\/\"]}]},{\"@type\":\"ImageObject\",\"inLanguage\":\"it-IT\",\"@id\":\"https:\/\/www.volf.fr\/examens-et-concours\/#primaryimage\",\"url\":\"https:\/\/www.volf.fr\/wp-content\/uploads\/2020\/06\/DELF-DALF.png\",\"contentUrl\":\"https:\/\/www.volf.fr\/wp-content\/uploads\/2020\/06\/DELF-DALF.png\"},{\"@type\":\"BreadcrumbList\",\"@id\":\"https:\/\/www.volf.fr\/examens-et-concours\/#breadcrumb\",\"itemListElement\":[{\"@type\":\"ListItem\",\"position\":1,\"name\":\"Accueil\",\"item\":\"https:\/\/www.volf.fr\/\"},{\"@type\":\"ListItem\",\"position\":2,\"name\":\"Examens et concours\"}]},{\"@type\":\"WebSite\",\"@id\":\"https:\/\/www.volf.fr\/#website\",\"url\":\"https:\/\/www.volf.fr\/\",\"name\":\"VOLF \u2013 Voix et Langue Fran\u00e7aise\",\"description\":\"\",\"publisher\":{\"@id\":\"https:\/\/www.volf.fr\/#organization\"},\"potentialAction\":[{\"@type\":\"SearchAction\",\"target\":{\"@type\":\"EntryPoint\",\"urlTemplate\":\"https:\/\/www.volf.fr\/?s={search_term_string}\"},\"query-input\":{\"@type\":\"PropertyValueSpecification\",\"valueRequired\":true,\"valueName\":\"search_term_string\"}}],\"inLanguage\":\"it-IT\"},{\"@type\":\"Organization\",\"@id\":\"https:\/\/www.volf.fr\/#organization\",\"name\":\"VOLF \u2013 Voix et Langue Fran\u00e7aise\",\"url\":\"https:\/\/www.volf.fr\/\",\"logo\":{\"@type\":\"ImageObject\",\"inLanguage\":\"it-IT\",\"@id\":\"https:\/\/www.volf.fr\/#\/schema\/logo\/image\/\",\"url\":\"https:\/\/www.volf.fr\/wp-content\/uploads\/2024\/09\/cropped-logo-volf1-2.png\",\"contentUrl\":\"https:\/\/www.volf.fr\/wp-content\/uploads\/2024\/09\/cropped-logo-volf1-2.png\",\"width\":685,\"height\":685,\"caption\":\"VOLF \u2013 Voix et Langue Fran\u00e7aise\"},\"image\":{\"@id\":\"https:\/\/www.volf.fr\/#\/schema\/logo\/image\/\"}}]}<\/script>\n<!-- \/ Yoast SEO plugin. -->","yoast_head_json":{"title":"Examens et concours - VOLF \u2013 Voix et Langue Fran\u00e7aise","robots":{"index":"index","follow":"follow","max-snippet":"max-snippet:-1","max-image-preview":"max-image-preview:large","max-video-preview":"max-video-preview:-1"},"canonical":"https:\/\/www.volf.fr\/it\/examens-et-concours\/","og_locale":"it_IT","og_type":"article","og_title":"Examens et concours - VOLF \u2013 Voix et Langue Fran\u00e7aise","og_description":"Examens, candidatures et projets professionnels Vous souhaitez obtenir un dipl\u00f4me international de langue fran\u00e7aise? Vous devez passer des examens en fran\u00e7ais? Vous pr\u00e9parez un entretien&hellip;","og_url":"https:\/\/www.volf.fr\/it\/examens-et-concours\/","og_site_name":"VOLF \u2013 Voix et Langue Fran\u00e7aise","article_modified_time":"2024-10-25T15:32:32+00:00","og_image":[{"url":"https:\/\/www.volf.fr\/wp-content\/uploads\/2020\/06\/DELF-DALF.png","type":"","width":"","height":""}],"twitter_card":"summary_large_image","twitter_misc":{"Tempo di lettura stimato":"2 minuti"},"schema":{"@context":"https:\/\/schema.org","@graph":[{"@type":"WebPage","@id":"https:\/\/www.volf.fr\/examens-et-concours\/","url":"https:\/\/www.volf.fr\/examens-et-concours\/","name":"Examens et concours - VOLF \u2013 Voix et Langue Fran\u00e7aise","isPartOf":{"@id":"https:\/\/www.volf.fr\/#website"},"primaryImageOfPage":{"@id":"https:\/\/www.volf.fr\/examens-et-concours\/#primaryimage"},"image":{"@id":"https:\/\/www.volf.fr\/examens-et-concours\/#primaryimage"},"thumbnailUrl":"https:\/\/www.volf.fr\/wp-content\/uploads\/2020\/06\/DELF-DALF.png","datePublished":"2020-06-25T23:11:23+00:00","dateModified":"2024-10-25T15:32:32+00:00","breadcrumb":{"@id":"https:\/\/www.volf.fr\/examens-et-concours\/#breadcrumb"},"inLanguage":"it-IT","potentialAction":[{"@type":"ReadAction","target":["https:\/\/www.volf.fr\/examens-et-concours\/"]}]},{"@type":"ImageObject","inLanguage":"it-IT","@id":"https:\/\/www.volf.fr\/examens-et-concours\/#primaryimage","url":"https:\/\/www.volf.fr\/wp-content\/uploads\/2020\/06\/DELF-DALF.png","contentUrl":"https:\/\/www.volf.fr\/wp-content\/uploads\/2020\/06\/DELF-DALF.png"},{"@type":"BreadcrumbList","@id":"https:\/\/www.volf.fr\/examens-et-concours\/#breadcrumb","itemListElement":[{"@type":"ListItem","position":1,"name":"Accueil","item":"https:\/\/www.volf.fr\/"},{"@type":"ListItem","position":2,"name":"Examens et concours"}]},{"@type":"WebSite","@id":"https:\/\/www.volf.fr\/#website","url":"https:\/\/www.volf.fr\/","name":"VOLF \u2013 Voix et Langue Fran\u00e7aise","description":"","publisher":{"@id":"https:\/\/www.volf.fr\/#organization"},"potentialAction":[{"@type":"SearchAction","target":{"@type":"EntryPoint","urlTemplate":"https:\/\/www.volf.fr\/?s={search_term_string}"},"query-input":{"@type":"PropertyValueSpecification","valueRequired":true,"valueName":"search_term_string"}}],"inLanguage":"it-IT"},{"@type":"Organization","@id":"https:\/\/www.volf.fr\/#organization","name":"VOLF \u2013 Voix et Langue Fran\u00e7aise","url":"https:\/\/www.volf.fr\/","logo":{"@type":"ImageObject","inLanguage":"it-IT","@id":"https:\/\/www.volf.fr\/#\/schema\/logo\/image\/","url":"https:\/\/www.volf.fr\/wp-content\/uploads\/2024\/09\/cropped-logo-volf1-2.png","contentUrl":"https:\/\/www.volf.fr\/wp-content\/uploads\/2024\/09\/cropped-logo-volf1-2.png","width":685,"height":685,"caption":"VOLF \u2013 Voix et Langue Fran\u00e7aise"},"image":{"@id":"https:\/\/www.volf.fr\/#\/schema\/logo\/image\/"}}]}},"uagb_featured_image_src":{"full":false,"thumbnail":false,"medium":false,"medium_large":false,"large":false,"1536x1536":false,"2048x2048":false,"trp-custom-language-flag":false,"woocommerce_thumbnail":false,"woocommerce_single":false,"woocommerce_gallery_thumbnail":false},"uagb_author_info":{"display_name":"Eymat\u00e0","author_link":"http:\/\/www.volf.fr\/it\/author\/aimata\/"},"uagb_comment_info":0,"uagb_excerpt":"Examens, candidatures et projets professionnels Vous souhaitez obtenir un dipl\u00f4me international de langue fran\u00e7aise? Vous devez passer des examens en fran\u00e7ais? Vous pr\u00e9parez un entretien&hellip;","_links":{"self":[{"href":"http:\/\/www.volf.fr\/it\/wp-json\/wp\/v2\/pages\/6074","targetHints":{"allow":["GET"]}}],"collection":[{"href":"http:\/\/www.volf.fr\/it\/wp-json\/wp\/v2\/pages"}],"about":[{"href":"http:\/\/www.volf.fr\/it\/wp-json\/wp\/v2\/types\/page"}],"author":[{"embeddable":true,"href":"http:\/\/www.volf.fr\/it\/wp-json\/wp\/v2\/users\/1"}],"replies":[{"embeddable":true,"href":"http:\/\/www.volf.fr\/it\/wp-json\/wp\/v2\/comments?post=6074"}],"version-history":[{"count":94,"href":"http:\/\/www.volf.fr\/it\/wp-json\/wp\/v2\/pages\/6074\/revisions"}],"predecessor-version":[{"id":10664,"href":"http:\/\/www.volf.fr\/it\/wp-json\/wp\/v2\/pages\/6074\/revisions\/10664"}],"wp:attachment":[{"href":"http:\/\/www.volf.fr\/it\/wp-json\/wp\/v2\/media?parent=6074"}],"curies":[{"name":"wp","href":"https:\/\/api.w.org\/{rel}","templated":true}]}}