{"id":6049,"date":"2020-06-26T00:15:11","date_gmt":"2020-06-25T22:15:11","guid":{"rendered":"https:\/\/www.volf.fr\/?page_id=6049"},"modified":"2024-10-25T15:34:19","modified_gmt":"2024-10-25T13:34:19","slug":"ressources","status":"publish","type":"page","link":"http:\/\/www.volf.fr\/it\/ressources\/","title":{"rendered":"Risorse"},"content":{"rendered":"<div data-elementor-type=\"wp-page\" data-elementor-id=\"6049\" class=\"elementor elementor-6049\" data-elementor-settings=\"{&quot;ha_cmc_init_switcher&quot;:&quot;no&quot;}\">\n\t\t\t\t\t\t<section class=\"elementor-section elementor-top-section elementor-element elementor-element-1007682 elementor-section-boxed elementor-section-height-default elementor-section-height-default wpr-particle-no wpr-jarallax-no wpr-parallax-no wpr-sticky-section-no\" data-id=\"1007682\" data-element_type=\"section\" data-settings=\"{&quot;_ha_eqh_enable&quot;:false}\">\n\t\t\t\t\t\t<div class=\"elementor-container elementor-column-gap-default\">\n\t\t\t\t\t<div class=\"elementor-column elementor-col-100 elementor-top-column elementor-element elementor-element-9a6faae\" data-id=\"9a6faae\" data-element_type=\"column\">\n\t\t\t<div class=\"elementor-widget-wrap elementor-element-populated\">\n\t\t\t\t\t\t<div class=\"elementor-element elementor-element-7c70d0d elementor-widget elementor-widget-spacer\" data-id=\"7c70d0d\" data-element_type=\"widget\" data-widget_type=\"spacer.default\">\n\t\t\t\t<div class=\"elementor-widget-container\">\n\t\t\t\t\t\t\t<div class=\"elementor-spacer\">\n\t\t\t<div class=\"elementor-spacer-inner\"><\/div>\n\t\t<\/div>\n\t\t\t\t\t\t<\/div>\n\t\t\t\t<\/div>\n\t\t\t\t<div class=\"elementor-element elementor-element-bd58a49 elementor-widget elementor-widget-heading\" data-id=\"bd58a49\" data-element_type=\"widget\" data-widget_type=\"heading.default\">\n\t\t\t\t<div class=\"elementor-widget-container\">\n\t\t\t\t\t<h2 class=\"elementor-heading-title elementor-size-default\">Risorse<\/h2>\t\t\t\t<\/div>\n\t\t\t\t<\/div>\n\t\t\t\t<div class=\"elementor-element elementor-element-afb1b59 elementor-widget elementor-widget-text-editor\" data-id=\"afb1b59\" data-element_type=\"widget\" data-widget_type=\"text-editor.default\">\n\t\t\t\t<div class=\"elementor-widget-container\">\n\t\t\t\t\t\t\t\t\t<h3><span style=\"color: #8daca6;\">Fonetica<\/span><\/h3><p><a href=\"https:\/\/www.ipasource.com\/\">Transcriptions musicales en Alphabet phon\u00e9tique international<\/a><\/p><h3><span style=\"color: #8daca6;\">TV e Radio per imparare il francese online <\/span><\/h3><p><a href=\"https:\/\/apprendre.tv5monde.com\/fr\">TV5 Apprendre le fran\u00e7ais<\/a><br \/><a href=\"https:\/\/savoirs.rfi.fr\/fr\/apprendre-enseigner\">RFI Langue fran\u00e7aise<\/a><br \/><a href=\"https:\/\/parlons-francais.tv5monde.com\/webdocumentaires-pour-apprendre-le-francais\/p-1-lg0-Accueil.htm\">Apprendre le fran\u00e7ais avec des webdocumentaires<\/a><\/p><h3><span style=\"color: #8daca6;\">Corsi di francese<br \/><\/span><\/h3><p><a href=\"https:\/\/www.volf.fr\/it\/frantastique\/\">Frantastique: apprends le fran\u00e7ais avec ta learning s\u00e9rie!<\/a><\/p><h3><span style=\"color: #8daca6;\">Dizionari<\/span><\/h3><p><a href=\"https:\/\/www.larousse.fr\/dictionnaires\/francais\">Dictionnaire Larousse<\/a><br \/><a href=\"https:\/\/www.cnrtl.fr\/\">Centre National de Ressources Textuelles et Lexicales<\/a><br \/><a href=\"http:\/\/atilf.atilf.fr\/\">Tr\u00e9sor de la Langue Fran\u00e7aise<\/a><br \/><a href=\"https:\/\/www.lexilogos.com\/\">Lexilogos<\/a><\/p><h3><span style=\"color: #8daca6;\">Coniugazioni<\/span><\/h3><p><a href=\"http:\/\/www.conjugaison.com\/\">Conjugaison fran\u00e7aise et grammaire des verbes<\/a><\/p><h3><span style=\"color: #8daca6;\">Dettati<\/span><\/h3><p><a href=\"https:\/\/bescherelle.com\/dictees-audio\">Les dict\u00e9es Bescherelle<\/a><\/p><h3><span style=\"color: #8daca6;\">Siti e Blog<\/span><\/h3><p><a href=\"https:\/\/www.lepointdufle.net\/\">Le Point du FLE<\/a><\/p><h3><span style=\"color: #8daca6;\">Esami<\/span><\/h3><p><a href=\"https:\/\/www.ciep.fr\/delf-dalf\/delf-tout-public\">CIEP &#8211; Sujets de DELF<\/a><br \/><a href=\"https:\/\/www.ciep.fr\/dalf\/exemples-sujets\">CIEP &#8211; Sujets de DALF<\/a><\/p><h3><span style=\"color: #8daca6;\">Libri<\/span><\/h3><p><a href=\"https:\/\/www.culturetheque.com\/\">Cultureth\u00e8que, biblioth\u00e8que num\u00e9rique<\/a><\/p><h3><span style=\"color: #8daca6;\">Radio e TV<\/span><\/h3><p><a href=\"https:\/\/www.ina.fr\/\">Institut National de l&rsquo;Audiovisuel<\/a><\/p><p><a href=\"https:\/\/www.franceinter.fr\/\">France Inter<\/a>, <a href=\"https:\/\/www.franceculture.fr\/\">France Culture<\/a>, <a href=\"https:\/\/www.francebleu.fr\/\">France Bleu<\/a>, <a href=\"https:\/\/www.francetvinfo.fr\/\">France info<\/a>, <a href=\"https:\/\/www.francemusique.fr\/\">France Musique<\/a>, <a href=\"https:\/\/www.fip.fr\/\">Fip<\/a>, <a href=\"https:\/\/www.mouv.fr\/\">Mouv<\/a><\/p><p><a href=\"https:\/\/www.france.tv\/\">France T\u00e9l\u00e9visions<\/a><\/p><h3><span style=\"color: #8daca6;\">Giornali<\/span><\/h3><p><a href=\"https:\/\/www.lemonde.fr\/\">Le Monde<\/a><br \/><a href=\"https:\/\/www.liberation.fr\/\">Lib\u00e9ration<\/a><br \/><a href=\"https:\/\/www.lefigaro.fr\/\">Le Figaro<\/a><br \/><a href=\"https:\/\/www.courrierinternational.com\/\">Courrier International<\/a><\/p><p>Cette liste n&rsquo;est pas exhaustive.<\/p>\t\t\t\t\t\t\t\t<\/div>\n\t\t\t\t<\/div>\n\t\t\t\t<div class=\"elementor-element elementor-element-3b8ac84 elementor-widget elementor-widget-spacer\" data-id=\"3b8ac84\" data-element_type=\"widget\" data-widget_type=\"spacer.default\">\n\t\t\t\t<div class=\"elementor-widget-container\">\n\t\t\t\t\t\t\t<div class=\"elementor-spacer\">\n\t\t\t<div class=\"elementor-spacer-inner\"><\/div>\n\t\t<\/div>\n\t\t\t\t\t\t<\/div>\n\t\t\t\t<\/div>\n\t\t\t\t\t<\/div>\n\t\t<\/div>\n\t\t\t\t\t<\/div>\n\t\t<\/section>\n\t\t\t\t<\/div>","protected":false},"excerpt":{"rendered":"<p>Ressources Phon\u00e9tique Transcriptions musicales en Alphabet phon\u00e9tique international T\u00e9l\u00e9s et radios pour apprendre en ligne TV5 Apprendre le fran\u00e7aisRFI Langue fran\u00e7aiseApprendre le fran\u00e7ais avec des&hellip;<\/p>","protected":false},"author":1,"featured_media":0,"parent":0,"menu_order":0,"comment_status":"closed","ping_status":"closed","template":"","meta":{"_uag_custom_page_level_css":"","slim_seo":{"title":"Ressources - VOLF \u2013 Voix et Langue Fran\u00e7aise","description":"Ressources Phon\u00e9tique Transcriptions musicales en Alphabet phon\u00e9tique international T\u00e9l\u00e9s et radios pour apprendre en ligne TV5 Apprendre le fran\u00e7ais RFI Langue"},"footnotes":""},"class_list":["post-6049","page","type-page","status-publish","hentry"],"yoast_head":"<!-- This site is optimized with the Yoast SEO plugin v26.6 - https:\/\/yoast.com\/wordpress\/plugins\/seo\/ -->\n<title>Ressources - VOLF \u2013 Voix et Langue Fran\u00e7aise<\/title>\n<meta name=\"robots\" content=\"index, follow, max-snippet:-1, max-image-preview:large, max-video-preview:-1\" \/>\n<link rel=\"canonical\" href=\"https:\/\/www.volf.fr\/it\/ressources\/\" \/>\n<meta property=\"og:locale\" content=\"it_IT\" \/>\n<meta property=\"og:type\" content=\"article\" \/>\n<meta property=\"og:title\" content=\"Ressources - VOLF \u2013 Voix et Langue Fran\u00e7aise\" \/>\n<meta property=\"og:description\" content=\"Ressources Phon\u00e9tique Transcriptions musicales en Alphabet phon\u00e9tique international T\u00e9l\u00e9s et radios pour apprendre en ligne TV5 Apprendre le fran\u00e7aisRFI Langue fran\u00e7aiseApprendre le fran\u00e7ais avec des&hellip;\" \/>\n<meta property=\"og:url\" content=\"https:\/\/www.volf.fr\/it\/ressources\/\" \/>\n<meta property=\"og:site_name\" content=\"VOLF \u2013 Voix et Langue Fran\u00e7aise\" \/>\n<meta property=\"article:modified_time\" content=\"2024-10-25T13:34:19+00:00\" \/>\n<meta name=\"twitter:card\" content=\"summary_large_image\" \/>\n<meta name=\"twitter:label1\" content=\"Tempo di lettura stimato\" \/>\n\t<meta name=\"twitter:data1\" content=\"1 minuto\" \/>\n<script type=\"application\/ld+json\" class=\"yoast-schema-graph\">{\"@context\":\"https:\/\/schema.org\",\"@graph\":[{\"@type\":\"WebPage\",\"@id\":\"https:\/\/www.volf.fr\/ressources\/\",\"url\":\"https:\/\/www.volf.fr\/ressources\/\",\"name\":\"Ressources - VOLF \u2013 Voix et Langue Fran\u00e7aise\",\"isPartOf\":{\"@id\":\"https:\/\/www.volf.fr\/#website\"},\"datePublished\":\"2020-06-25T22:15:11+00:00\",\"dateModified\":\"2024-10-25T13:34:19+00:00\",\"breadcrumb\":{\"@id\":\"https:\/\/www.volf.fr\/ressources\/#breadcrumb\"},\"inLanguage\":\"it-IT\",\"potentialAction\":[{\"@type\":\"ReadAction\",\"target\":[\"https:\/\/www.volf.fr\/ressources\/\"]}]},{\"@type\":\"BreadcrumbList\",\"@id\":\"https:\/\/www.volf.fr\/ressources\/#breadcrumb\",\"itemListElement\":[{\"@type\":\"ListItem\",\"position\":1,\"name\":\"Accueil\",\"item\":\"https:\/\/www.volf.fr\/\"},{\"@type\":\"ListItem\",\"position\":2,\"name\":\"Ressources\"}]},{\"@type\":\"WebSite\",\"@id\":\"https:\/\/www.volf.fr\/#website\",\"url\":\"https:\/\/www.volf.fr\/\",\"name\":\"VOLF \u2013 Voix et Langue Fran\u00e7aise\",\"description\":\"\",\"publisher\":{\"@id\":\"https:\/\/www.volf.fr\/#organization\"},\"potentialAction\":[{\"@type\":\"SearchAction\",\"target\":{\"@type\":\"EntryPoint\",\"urlTemplate\":\"https:\/\/www.volf.fr\/?s={search_term_string}\"},\"query-input\":{\"@type\":\"PropertyValueSpecification\",\"valueRequired\":true,\"valueName\":\"search_term_string\"}}],\"inLanguage\":\"it-IT\"},{\"@type\":\"Organization\",\"@id\":\"https:\/\/www.volf.fr\/#organization\",\"name\":\"VOLF \u2013 Voix et Langue Fran\u00e7aise\",\"url\":\"https:\/\/www.volf.fr\/\",\"logo\":{\"@type\":\"ImageObject\",\"inLanguage\":\"it-IT\",\"@id\":\"https:\/\/www.volf.fr\/#\/schema\/logo\/image\/\",\"url\":\"https:\/\/www.volf.fr\/wp-content\/uploads\/2024\/09\/cropped-logo-volf1-2.png\",\"contentUrl\":\"https:\/\/www.volf.fr\/wp-content\/uploads\/2024\/09\/cropped-logo-volf1-2.png\",\"width\":685,\"height\":685,\"caption\":\"VOLF \u2013 Voix et Langue Fran\u00e7aise\"},\"image\":{\"@id\":\"https:\/\/www.volf.fr\/#\/schema\/logo\/image\/\"}}]}<\/script>\n<!-- \/ Yoast SEO plugin. -->","yoast_head_json":{"title":"Ressources - VOLF \u2013 Voix et Langue Fran\u00e7aise","robots":{"index":"index","follow":"follow","max-snippet":"max-snippet:-1","max-image-preview":"max-image-preview:large","max-video-preview":"max-video-preview:-1"},"canonical":"https:\/\/www.volf.fr\/it\/ressources\/","og_locale":"it_IT","og_type":"article","og_title":"Ressources - VOLF \u2013 Voix et Langue Fran\u00e7aise","og_description":"Ressources Phon\u00e9tique Transcriptions musicales en Alphabet phon\u00e9tique international T\u00e9l\u00e9s et radios pour apprendre en ligne TV5 Apprendre le fran\u00e7aisRFI Langue fran\u00e7aiseApprendre le fran\u00e7ais avec des&hellip;","og_url":"https:\/\/www.volf.fr\/it\/ressources\/","og_site_name":"VOLF \u2013 Voix et Langue Fran\u00e7aise","article_modified_time":"2024-10-25T13:34:19+00:00","twitter_card":"summary_large_image","twitter_misc":{"Tempo di lettura stimato":"1 minuto"},"schema":{"@context":"https:\/\/schema.org","@graph":[{"@type":"WebPage","@id":"https:\/\/www.volf.fr\/ressources\/","url":"https:\/\/www.volf.fr\/ressources\/","name":"Ressources - VOLF \u2013 Voix et Langue Fran\u00e7aise","isPartOf":{"@id":"https:\/\/www.volf.fr\/#website"},"datePublished":"2020-06-25T22:15:11+00:00","dateModified":"2024-10-25T13:34:19+00:00","breadcrumb":{"@id":"https:\/\/www.volf.fr\/ressources\/#breadcrumb"},"inLanguage":"it-IT","potentialAction":[{"@type":"ReadAction","target":["https:\/\/www.volf.fr\/ressources\/"]}]},{"@type":"BreadcrumbList","@id":"https:\/\/www.volf.fr\/ressources\/#breadcrumb","itemListElement":[{"@type":"ListItem","position":1,"name":"Accueil","item":"https:\/\/www.volf.fr\/"},{"@type":"ListItem","position":2,"name":"Ressources"}]},{"@type":"WebSite","@id":"https:\/\/www.volf.fr\/#website","url":"https:\/\/www.volf.fr\/","name":"VOLF \u2013 Voix et Langue Fran\u00e7aise","description":"","publisher":{"@id":"https:\/\/www.volf.fr\/#organization"},"potentialAction":[{"@type":"SearchAction","target":{"@type":"EntryPoint","urlTemplate":"https:\/\/www.volf.fr\/?s={search_term_string}"},"query-input":{"@type":"PropertyValueSpecification","valueRequired":true,"valueName":"search_term_string"}}],"inLanguage":"it-IT"},{"@type":"Organization","@id":"https:\/\/www.volf.fr\/#organization","name":"VOLF \u2013 Voix et Langue Fran\u00e7aise","url":"https:\/\/www.volf.fr\/","logo":{"@type":"ImageObject","inLanguage":"it-IT","@id":"https:\/\/www.volf.fr\/#\/schema\/logo\/image\/","url":"https:\/\/www.volf.fr\/wp-content\/uploads\/2024\/09\/cropped-logo-volf1-2.png","contentUrl":"https:\/\/www.volf.fr\/wp-content\/uploads\/2024\/09\/cropped-logo-volf1-2.png","width":685,"height":685,"caption":"VOLF \u2013 Voix et Langue Fran\u00e7aise"},"image":{"@id":"https:\/\/www.volf.fr\/#\/schema\/logo\/image\/"}}]}},"uagb_featured_image_src":{"full":false,"thumbnail":false,"medium":false,"medium_large":false,"large":false,"1536x1536":false,"2048x2048":false,"trp-custom-language-flag":false,"woocommerce_thumbnail":false,"woocommerce_single":false,"woocommerce_gallery_thumbnail":false},"uagb_author_info":{"display_name":"Eymat\u00e0","author_link":"http:\/\/www.volf.fr\/it\/author\/aimata\/"},"uagb_comment_info":0,"uagb_excerpt":"Ressources Phon\u00e9tique Transcriptions musicales en Alphabet phon\u00e9tique international T\u00e9l\u00e9s et radios pour apprendre en ligne TV5 Apprendre le fran\u00e7aisRFI Langue fran\u00e7aiseApprendre le fran\u00e7ais avec des&hellip;","_links":{"self":[{"href":"http:\/\/www.volf.fr\/it\/wp-json\/wp\/v2\/pages\/6049","targetHints":{"allow":["GET"]}}],"collection":[{"href":"http:\/\/www.volf.fr\/it\/wp-json\/wp\/v2\/pages"}],"about":[{"href":"http:\/\/www.volf.fr\/it\/wp-json\/wp\/v2\/types\/page"}],"author":[{"embeddable":true,"href":"http:\/\/www.volf.fr\/it\/wp-json\/wp\/v2\/users\/1"}],"replies":[{"embeddable":true,"href":"http:\/\/www.volf.fr\/it\/wp-json\/wp\/v2\/comments?post=6049"}],"version-history":[{"count":23,"href":"http:\/\/www.volf.fr\/it\/wp-json\/wp\/v2\/pages\/6049\/revisions"}],"predecessor-version":[{"id":10654,"href":"http:\/\/www.volf.fr\/it\/wp-json\/wp\/v2\/pages\/6049\/revisions\/10654"}],"wp:attachment":[{"href":"http:\/\/www.volf.fr\/it\/wp-json\/wp\/v2\/media?parent=6049"}],"curies":[{"name":"wp","href":"https:\/\/api.w.org\/{rel}","templated":true}]}}